{"id":330,"date":"2020-11-09T20:02:33","date_gmt":"2020-11-09T19:02:33","guid":{"rendered":"http:\/\/kine-pedia.be\/index.php\/colibri-wp\/"},"modified":"2026-01-05T11:23:44","modified_gmt":"2026-01-05T10:23:44","slug":"accueil","status":"publish","type":"page","link":"https:\/\/kine-pedia.be\/","title":{"rendered":"<span lang =\"fr\">Retrouvez les diff\u00e9rents types de prises en charge<\/span>"},"content":{"rendered":"<span lang =\"fr\">\n<p>EN CONGE DE MATERNITE jusqu&#8217;au 01\/06\/2025.<\/p>\n\n\n\n<p>=> pour la kin\u00e9sith\u00e9rapie p\u00e9diatrique ; Valentine No\u00ebl assurera mon remplacement, n&#8217;h\u00e9sitez pas \u00e0 prendre rendez-vous avec elle : <a href=\"https:\/\/nestia.be\/index.php\/valentine-noel-kinesitherapeute-pediatrique\/\">ici<\/a> <\/p>\n\n\n\n<p>=> pour la microkin\u00e9, pas de remplacement assur\u00e9, n&#8217;h\u00e9sitez pas \u00e0 voir sur le site internet de l&#8217;association belge de microkin\u00e9 pour un.e coll\u00e8gue. <a href=\"https:\/\/www.microkinebelgique.be\">ici<\/a><\/p>\n\n\n<div id=\"pl-gb330-69f8a649ad947\"  class=\"panel-layout\" ><div id=\"pg-gb330-69f8a649ad947-0\"  class=\"panel-grid panel-no-style\" ><div id=\"pgc-gb330-69f8a649ad947-0-0\"  class=\"panel-grid-cell\" ><div id=\"panel-gb330-69f8a649ad947-0-0-0\" class=\"so-panel widget widget_sow-image panel-first-child\" data-index=\"0\" ><div\n\t\t\t\n\t\t\tclass=\"so-widget-sow-image so-widget-sow-image-default-c67d20f9f743-330\"\n\t\t\t\n\t\t>\n\n<div class=\"sow-image-container\">\n\t\t\t<a href=\"https:\/\/kine-pedia.be\/index.php\/kinesitherapie-pediatrique-bruxelles\/\"\n\t\t\t\t\t>\n\t\t\t<img loading=\"lazy\" decoding=\"async\" src=\"https:\/\/kine-pedia.be\/wp-content\/uploads\/2024\/11\/Microkinesitherapie-600-x-600-px.png\" width=\"600\" height=\"600\" srcset=\"https:\/\/kine-pedia.be\/wp-content\/uploads\/2024\/11\/Microkinesitherapie-600-x-600-px.png 600w, https:\/\/kine-pedia.be\/wp-content\/uploads\/2024\/11\/Microkinesitherapie-600-x-600-px-300x300.png 300w, https:\/\/kine-pedia.be\/wp-content\/uploads\/2024\/11\/Microkinesitherapie-600-x-600-px-150x150.png 150w\" sizes=\"auto, (max-width: 600px) 100vw, 600px\" title=\"Microkine\u0301sithe\u0301rapie (600 x 600 px)\" alt=\"\" \t\tclass=\"so-widget-image\"\/>\n\t<\/a><\/div>\n\n<\/div><\/div><div id=\"panel-gb330-69f8a649ad947-0-0-1\" class=\"so-panel widget widget_sow-image\" data-index=\"1\" ><div\n\t\t\t\n\t\t\tclass=\"so-widget-sow-image so-widget-sow-image-default-c67d20f9f743-330\"\n\t\t\t\n\t\t>\n\n<div class=\"sow-image-container\">\n\t\t\t<a href=\"https:\/\/kine-pedia.be\/index.php\/kinerespi\/\"\n\t\t\t\t\t>\n\t\t\t<img loading=\"lazy\" decoding=\"async\" src=\"https:\/\/kine-pedia.be\/wp-content\/uploads\/2024\/11\/Microkinesitherapie-600-x-600-px-1.png\" width=\"600\" height=\"600\" srcset=\"https:\/\/kine-pedia.be\/wp-content\/uploads\/2024\/11\/Microkinesitherapie-600-x-600-px-1.png 600w, https:\/\/kine-pedia.be\/wp-content\/uploads\/2024\/11\/Microkinesitherapie-600-x-600-px-1-300x300.png 300w, https:\/\/kine-pedia.be\/wp-content\/uploads\/2024\/11\/Microkinesitherapie-600-x-600-px-1-150x150.png 150w\" sizes=\"auto, (max-width: 600px) 100vw, 600px\" title=\"Microkine\u0301sithe\u0301rapie (600 x 600 px) (1)\" alt=\"\" \t\tclass=\"so-widget-image\"\/>\n\t<\/a><\/div>\n\n<\/div><\/div><div id=\"panel-gb330-69f8a649ad947-0-0-2\" class=\"so-panel widget widget_sow-image\" data-index=\"2\" ><div\n\t\t\t\n\t\t\tclass=\"so-widget-sow-image so-widget-sow-image-default-c67d20f9f743-330\"\n\t\t\t\n\t\t>\n\n<div class=\"sow-image-container\">\n\t\t\t<a href=\"https:\/\/kine-pedia.be\/index.php\/microkinesitherapie\/\"\n\t\t\t\t\t>\n\t\t\t<img loading=\"lazy\" decoding=\"async\" src=\"https:\/\/kine-pedia.be\/wp-content\/uploads\/2024\/11\/1-1.png\" width=\"600\" height=\"600\" srcset=\"https:\/\/kine-pedia.be\/wp-content\/uploads\/2024\/11\/1-1.png 600w, https:\/\/kine-pedia.be\/wp-content\/uploads\/2024\/11\/1-1-300x300.png 300w, https:\/\/kine-pedia.be\/wp-content\/uploads\/2024\/11\/1-1-150x150.png 150w\" sizes=\"auto, (max-width: 600px) 100vw, 600px\" title=\"1\" alt=\"\" \t\tclass=\"so-widget-image\"\/>\n\t<\/a><\/div>\n\n<\/div><\/div><div id=\"panel-gb330-69f8a649ad947-0-0-3\" class=\"so-panel widget widget_sow-editor panel-last-child\" data-index=\"3\" ><div\n\t\t\t\n\t\t\tclass=\"so-widget-sow-editor so-widget-sow-editor-base\"\n\t\t\t\n\t\t>\n<div class=\"siteorigin-widget-tinymce textwidget\">\n\t<h2 style=\"text-align: center;\">Contact :<\/h2>\n<h2 style=\"text-align: center;\"><a href=\"http:\/\/nestia.be\/index.php\/prise-de-rendez-vous-en-ligne-2\/\">Prise de rendez-vous en ligne<\/a><\/h2>\n<h2 style=\"text-align: center;\">0472\/79.29.77<\/h2>\n<h2 style=\"text-align: center;\">madelvigne@gmail.com<\/h2>\n<\/div>\n<\/div><\/div><\/div><\/div><\/div><\/span>","protected":false},"excerpt":{"rendered":"<span lang =\"fr\"><p>EN CONGE DE MATERNITE jusqu&#8217;au 01\/06\/2025. => pour la kin\u00e9sith\u00e9rapie p\u00e9diatrique ; Valentine No\u00ebl assurera mon remplacement, n&#8217;h\u00e9sitez pas \u00e0 prendre rendez-vous avec elle : ici => pour la microkin\u00e9, pas de remplacement assur\u00e9, n&#8217;h\u00e9sitez pas \u00e0 voir sur le site internet de l&#8217;association belge de microkin\u00e9 pour un.e coll\u00e8gue. ici<\/p>\n<\/span>","protected":false},"author":1,"featured_media":0,"parent":0,"menu_order":0,"comment_status":"closed","ping_status":"closed","template":"","meta":{"footnotes":""},"class_list":["post-330","page","type-page","status-publish","hentry"],"yoast_head":"<!-- This site is optimized with the Yoast SEO plugin v23.9 - https:\/\/yoast.com\/wordpress\/plugins\/seo\/ -->\n<title>Kin\u00e9sith\u00e9rapie P\u00e9diatrique Bobath - Auderghem Bruxelles-Marine Delvigne<\/title>\n<meta name=\"description\" content=\"Prise en charge des nourissons, b\u00e9b\u00e9s, enfants et adolescents en kin\u00e9sith\u00e9rapie p\u00e9diatrique \u00e0 Auderghem, Bruxelles. Th\u00e9rapeute Bobath\" \/>\n<meta name=\"robots\" content=\"index, follow, max-snippet:-1, max-image-preview:large, max-video-preview:-1\" \/>\n<link rel=\"canonical\" href=\"https:\/\/kine-pedia.be\/\" \/>\n<meta property=\"og:locale\" content=\"en_US\" \/>\n<meta property=\"og:type\" content=\"article\" \/>\n<meta property=\"og:title\" content=\"Kin\u00e9sith\u00e9rapie P\u00e9diatrique Bobath - Auderghem Bruxelles-Marine Delvigne\" \/>\n<meta property=\"og:description\" content=\"Prise en charge des nourissons, b\u00e9b\u00e9s, enfants et adolescents en kin\u00e9sith\u00e9rapie p\u00e9diatrique \u00e0 Auderghem, Bruxelles. Th\u00e9rapeute Bobath\" \/>\n<meta property=\"og:url\" content=\"https:\/\/kine-pedia.be\/\" \/>\n<meta property=\"og:site_name\" content=\"Marine Delvigne\" \/>\n<meta property=\"article:modified_time\" content=\"2026-01-05T10:23:44+00:00\" \/>\n<meta name=\"twitter:card\" content=\"summary_large_image\" \/>\n<meta name=\"twitter:label1\" content=\"Est. reading time\" \/>\n\t<meta name=\"twitter:data1\" content=\"1 minute\" \/>\n<script type=\"application\/ld+json\" class=\"yoast-schema-graph\">{\"@context\":\"https:\/\/schema.org\",\"@graph\":[{\"@type\":\"WebPage\",\"@id\":\"https:\/\/kine-pedia.be\/\",\"url\":\"https:\/\/kine-pedia.be\/\",\"name\":\"Kin\u00e9sith\u00e9rapie P\u00e9diatrique Bobath - Auderghem Bruxelles-Marine Delvigne\",\"isPartOf\":{\"@id\":\"https:\/\/kine-pedia.be\/#website\"},\"datePublished\":\"2020-11-09T19:02:33+00:00\",\"dateModified\":\"2026-01-05T10:23:44+00:00\",\"description\":\"Prise en charge des nourissons, b\u00e9b\u00e9s, enfants et adolescents en kin\u00e9sith\u00e9rapie p\u00e9diatrique \u00e0 Auderghem, Bruxelles. Th\u00e9rapeute Bobath\",\"breadcrumb\":{\"@id\":\"https:\/\/kine-pedia.be\/#breadcrumb\"},\"inLanguage\":\"en-US\",\"potentialAction\":[{\"@type\":\"ReadAction\",\"target\":[\"https:\/\/kine-pedia.be\/\"]}]},{\"@type\":\"BreadcrumbList\",\"@id\":\"https:\/\/kine-pedia.be\/#breadcrumb\",\"itemListElement\":[{\"@type\":\"ListItem\",\"position\":1,\"name\":\"Home\",\"item\":\"https:\/\/kine-pedia.be\/\"},{\"@type\":\"ListItem\",\"position\":2,\"name\":\"Retrouvez les diff\u00e9rents types de prises en charge\"}]},{\"@type\":\"WebSite\",\"@id\":\"https:\/\/kine-pedia.be\/#website\",\"url\":\"https:\/\/kine-pedia.be\/\",\"name\":\"Marine Delvigne\",\"description\":\"Kin\u00e9sitherapie pediatrique - Microkinesith\u00e9rapie\",\"publisher\":{\"@id\":\"https:\/\/kine-pedia.be\/#organization\"},\"potentialAction\":[{\"@type\":\"SearchAction\",\"target\":{\"@type\":\"EntryPoint\",\"urlTemplate\":\"https:\/\/kine-pedia.be\/?s={search_term_string}\"},\"query-input\":{\"@type\":\"PropertyValueSpecification\",\"valueRequired\":true,\"valueName\":\"search_term_string\"}}],\"inLanguage\":\"en-US\"},{\"@type\":\"Organization\",\"@id\":\"https:\/\/kine-pedia.be\/#organization\",\"name\":\"Marine Delvigne\",\"url\":\"https:\/\/kine-pedia.be\/\",\"logo\":{\"@type\":\"ImageObject\",\"inLanguage\":\"en-US\",\"@id\":\"https:\/\/kine-pedia.be\/#\/schema\/logo\/image\/\",\"url\":\"https:\/\/kine-pedia.be\/wp-content\/uploads\/2024\/11\/cropped-Microkinesitherapie-600-x-600-px-2.png\",\"contentUrl\":\"https:\/\/kine-pedia.be\/wp-content\/uploads\/2024\/11\/cropped-Microkinesitherapie-600-x-600-px-2.png\",\"width\":300,\"height\":300,\"caption\":\"Marine Delvigne\"},\"image\":{\"@id\":\"https:\/\/kine-pedia.be\/#\/schema\/logo\/image\/\"}}]}<\/script>\n<!-- \/ Yoast SEO plugin. -->","yoast_head_json":{"title":"Kin\u00e9sith\u00e9rapie P\u00e9diatrique Bobath - Auderghem Bruxelles-Marine Delvigne","description":"Prise en charge des nourissons, b\u00e9b\u00e9s, enfants et adolescents en kin\u00e9sith\u00e9rapie p\u00e9diatrique \u00e0 Auderghem, Bruxelles. Th\u00e9rapeute Bobath","robots":{"index":"index","follow":"follow","max-snippet":"max-snippet:-1","max-image-preview":"max-image-preview:large","max-video-preview":"max-video-preview:-1"},"canonical":"https:\/\/kine-pedia.be\/","og_locale":"en_US","og_type":"article","og_title":"Kin\u00e9sith\u00e9rapie P\u00e9diatrique Bobath - Auderghem Bruxelles-Marine Delvigne","og_description":"Prise en charge des nourissons, b\u00e9b\u00e9s, enfants et adolescents en kin\u00e9sith\u00e9rapie p\u00e9diatrique \u00e0 Auderghem, Bruxelles. Th\u00e9rapeute Bobath","og_url":"https:\/\/kine-pedia.be\/","og_site_name":"Marine Delvigne","article_modified_time":"2026-01-05T10:23:44+00:00","twitter_card":"summary_large_image","twitter_misc":{"Est. reading time":"1 minute"},"schema":{"@context":"https:\/\/schema.org","@graph":[{"@type":"WebPage","@id":"https:\/\/kine-pedia.be\/","url":"https:\/\/kine-pedia.be\/","name":"Kin\u00e9sith\u00e9rapie P\u00e9diatrique Bobath - Auderghem Bruxelles-Marine Delvigne","isPartOf":{"@id":"https:\/\/kine-pedia.be\/#website"},"datePublished":"2020-11-09T19:02:33+00:00","dateModified":"2026-01-05T10:23:44+00:00","description":"Prise en charge des nourissons, b\u00e9b\u00e9s, enfants et adolescents en kin\u00e9sith\u00e9rapie p\u00e9diatrique \u00e0 Auderghem, Bruxelles. Th\u00e9rapeute Bobath","breadcrumb":{"@id":"https:\/\/kine-pedia.be\/#breadcrumb"},"inLanguage":"en-US","potentialAction":[{"@type":"ReadAction","target":["https:\/\/kine-pedia.be\/"]}]},{"@type":"BreadcrumbList","@id":"https:\/\/kine-pedia.be\/#breadcrumb","itemListElement":[{"@type":"ListItem","position":1,"name":"Home","item":"https:\/\/kine-pedia.be\/"},{"@type":"ListItem","position":2,"name":"Retrouvez les diff\u00e9rents types de prises en charge"}]},{"@type":"WebSite","@id":"https:\/\/kine-pedia.be\/#website","url":"https:\/\/kine-pedia.be\/","name":"Marine Delvigne","description":"Kin\u00e9sitherapie pediatrique - Microkinesith\u00e9rapie","publisher":{"@id":"https:\/\/kine-pedia.be\/#organization"},"potentialAction":[{"@type":"SearchAction","target":{"@type":"EntryPoint","urlTemplate":"https:\/\/kine-pedia.be\/?s={search_term_string}"},"query-input":{"@type":"PropertyValueSpecification","valueRequired":true,"valueName":"search_term_string"}}],"inLanguage":"en-US"},{"@type":"Organization","@id":"https:\/\/kine-pedia.be\/#organization","name":"Marine Delvigne","url":"https:\/\/kine-pedia.be\/","logo":{"@type":"ImageObject","inLanguage":"en-US","@id":"https:\/\/kine-pedia.be\/#\/schema\/logo\/image\/","url":"https:\/\/kine-pedia.be\/wp-content\/uploads\/2024\/11\/cropped-Microkinesitherapie-600-x-600-px-2.png","contentUrl":"https:\/\/kine-pedia.be\/wp-content\/uploads\/2024\/11\/cropped-Microkinesitherapie-600-x-600-px-2.png","width":300,"height":300,"caption":"Marine Delvigne"},"image":{"@id":"https:\/\/kine-pedia.be\/#\/schema\/logo\/image\/"}}]}},"_links":{"self":[{"href":"https:\/\/kine-pedia.be\/index.php\/wp-json\/wp\/v2\/pages\/330","targetHints":{"allow":["GET"]}}],"collection":[{"href":"https:\/\/kine-pedia.be\/index.php\/wp-json\/wp\/v2\/pages"}],"about":[{"href":"https:\/\/kine-pedia.be\/index.php\/wp-json\/wp\/v2\/types\/page"}],"author":[{"embeddable":true,"href":"https:\/\/kine-pedia.be\/index.php\/wp-json\/wp\/v2\/users\/1"}],"replies":[{"embeddable":true,"href":"https:\/\/kine-pedia.be\/index.php\/wp-json\/wp\/v2\/comments?post=330"}],"version-history":[{"count":47,"href":"https:\/\/kine-pedia.be\/index.php\/wp-json\/wp\/v2\/pages\/330\/revisions"}],"predecessor-version":[{"id":711,"href":"https:\/\/kine-pedia.be\/index.php\/wp-json\/wp\/v2\/pages\/330\/revisions\/711"}],"wp:attachment":[{"href":"https:\/\/kine-pedia.be\/index.php\/wp-json\/wp\/v2\/media?parent=330"}],"curies":[{"name":"wp","href":"https:\/\/api.w.org\/{rel}","templated":true}]}}