{"id":38,"date":"2018-04-30T21:22:04","date_gmt":"2018-04-30T19:22:04","guid":{"rendered":"http:\/\/kine-pedia.be\/?page_id=38"},"modified":"2024-11-21T13:49:28","modified_gmt":"2024-11-21T12:49:28","slug":"quisuis-je","status":"publish","type":"page","link":"https:\/\/kine-pedia.be\/index.php\/quisuis-je\/","title":{"rendered":"<span lang =\"fr\">Qui suis-je?<\/span>"},"content":{"rendered":"<span lang =\"fr\"><p>\u00a0<\/p>\n<p><span style=\"color: #000000;\"><span style=\"font-weight: 400;\"><img loading=\"lazy\" decoding=\"async\" class=\"size-full wp-image-670 alignleft\" src=\"http:\/\/kine-pedia.be\/wp-content\/uploads\/2024\/11\/1615733217179.jpeg\" alt=\"\" width=\"200\" height=\"200\" srcset=\"https:\/\/kine-pedia.be\/wp-content\/uploads\/2024\/11\/1615733217179.jpeg 200w, https:\/\/kine-pedia.be\/wp-content\/uploads\/2024\/11\/1615733217179-150x150.jpeg 150w\" sizes=\"auto, (max-width: 200px) 100vw, 200px\" \/>Je suis kin\u00e9sith\u00e9rapeute <\/span><span style=\"font-weight: 400;\">\u00a0au centre <a style=\"color: #000000;\" href=\"http:\/\/www.nestia.be\">Nestia<\/a> o\u00f9 je vous re\u00e7ois trois jours par semaine. Par ailleurs je vous re\u00e7ois \u00e9galement \u00e0 l&#8217;h\u00f4pital Delta o\u00f9 je travaille notamment dans le service de n\u00e9onatologie.<\/span><\/span><\/p>\n<p><span style=\"color: #000000;\"><span style=\"font-weight: 400;\">Apr\u00e8s avoir suivi et continuant \u00e0 suivre des formations dans le domaine de la p\u00e9diatrie, mes sp\u00e9cialit\u00e9s sont la prise en charge pr\u00e9coce de l&#8217;enfant.<\/span><\/span><\/p>\n<p><span style=\"color: #000000;\"><span style=\"font-weight: 400;\">Je suis votre b\u00e9b\u00e9 apr\u00e8s une naissance pr\u00e9matur\u00e9e, un torticolis ou un retard moteur li\u00e9 ou non \u00e0 une pathologie neurologique. Etant form\u00e9e <a style=\"color: #000000;\" href=\"http:\/\/www.bobath.be\/fr\/\">Bobath<\/a>, je prend \u00e9galement en charge les patients pr\u00e9sentant de troubles neurologiques. Enfin, je fais de la prise en charge en kin\u00e9sith\u00e9rapie respiratoire lors de bronchiolites ou autre difficult\u00e9s respiratoires.<\/span><\/span><\/p>\n<p><span style=\"color: #000000;\">Passionn\u00e9e\u00a0par le contact des touts petits et des plus grands, je prends un r\u00e9el plaisir \u00e0 vous accompagner et votre enfant dans les \u00e9tapes importantes de la vie motrice de ce dernier.\u00a0<\/span><\/p>\n<div class=\"\" data-mesh-id=\"comp-k9ajcb0jinlineContent\" data-testid=\"inline-content\">\n<div data-mesh-id=\"comp-k9ajcb0jinlineContent-gridContainer\" data-testid=\"mesh-container-content\">\n<div id=\"comp-k9ajekmh\" class=\"_1Z_nJ\" data-testid=\"richTextElement\">\u00a0<\/div>\n<\/div>\n<\/div>\n\n\n<p><strong>Parcours<\/strong><\/p>\n\n\n\n<p>Diplom\u00e9e d&#8217;un master en kin\u00e9sith\u00e9rapie en 2016 \u00e0 l&#8217;HELB<\/p>\n\n\n\n<p>Employ\u00e9e depuis 2016 \u00e0 l&#8217;IRAHM (centre scolaire de type IV) &#8211; Coffre \u00e0 B\u00e9b\u00e9s ( cr\u00e8che int\u00e9gr\u00e9e)<\/p>\n\n\n\n<p>Ind\u00e9pendante depuis 2016, en collaboration d&#8217;abord au centre Bobath puis au centre Step by Step et finalement au centre <a href=\"http:\/\/nestia.be\/\" target=\"_blank\" rel=\"noreferrer noopener\">Nestia<\/a> et \u00e0 l&#8217;h\u00f4pital Delta.<\/p>\n<\/span>","protected":false},"excerpt":{"rendered":"<span lang =\"fr\"><p>\u00a0 Je suis kin\u00e9sith\u00e9rapeute \u00a0au centre Nestia o\u00f9 je vous re\u00e7ois trois jours par semaine. Par ailleurs je vous re\u00e7ois \u00e9galement \u00e0 l&#8217;h\u00f4pital Delta o\u00f9 je travaille notamment dans le service de n\u00e9onatologie. Apr\u00e8s avoir suivi et continuant \u00e0 suivre des formations dans le domaine de la p\u00e9diatrie, mes sp\u00e9cialit\u00e9s sont la prise en charge pr\u00e9coce de l&#8217;enfant. Je suis &hellip; <\/p>\n<\/span>","protected":false},"author":1,"featured_media":0,"parent":0,"menu_order":0,"comment_status":"closed","ping_status":"closed","template":"","meta":{"footnotes":""},"class_list":["post-38","page","type-page","status-publish","hentry"],"yoast_head":"<!-- This site is optimized with the Yoast SEO plugin v23.9 - https:\/\/yoast.com\/wordpress\/plugins\/seo\/ -->\n<title>Qui suis-je? - Marine Delvigne<\/title>\n<meta name=\"robots\" content=\"index, follow, max-snippet:-1, max-image-preview:large, max-video-preview:-1\" \/>\n<link rel=\"canonical\" href=\"https:\/\/kine-pedia.be\/index.php\/quisuis-je\/\" \/>\n<meta property=\"og:locale\" content=\"en_US\" \/>\n<meta property=\"og:type\" content=\"article\" \/>\n<meta property=\"og:title\" content=\"Qui suis-je? - Marine Delvigne\" \/>\n<meta property=\"og:description\" content=\"\u00a0 Je suis kin\u00e9sith\u00e9rapeute \u00a0au centre Nestia o\u00f9 je vous re\u00e7ois trois jours par semaine. Par ailleurs je vous re\u00e7ois \u00e9galement \u00e0 l&#8217;h\u00f4pital Delta o\u00f9 je travaille notamment dans le service de n\u00e9onatologie. Apr\u00e8s avoir suivi et continuant \u00e0 suivre des formations dans le domaine de la p\u00e9diatrie, mes sp\u00e9cialit\u00e9s sont la prise en charge pr\u00e9coce de l&#8217;enfant. Je suis &hellip;\" \/>\n<meta property=\"og:url\" content=\"https:\/\/kine-pedia.be\/index.php\/quisuis-je\/\" \/>\n<meta property=\"og:site_name\" content=\"Marine Delvigne\" \/>\n<meta property=\"article:modified_time\" content=\"2024-11-21T12:49:28+00:00\" \/>\n<meta property=\"og:image\" content=\"http:\/\/kine-pedia.be\/wp-content\/uploads\/2024\/11\/1615733217179.jpeg\" \/>\n<meta name=\"twitter:card\" content=\"summary_large_image\" \/>\n<meta name=\"twitter:label1\" content=\"Est. reading time\" \/>\n\t<meta name=\"twitter:data1\" content=\"2 minutes\" \/>\n<script type=\"application\/ld+json\" class=\"yoast-schema-graph\">{\"@context\":\"https:\/\/schema.org\",\"@graph\":[{\"@type\":\"WebPage\",\"@id\":\"https:\/\/kine-pedia.be\/index.php\/quisuis-je\/\",\"url\":\"https:\/\/kine-pedia.be\/index.php\/quisuis-je\/\",\"name\":\"Qui suis-je? - Marine Delvigne\",\"isPartOf\":{\"@id\":\"https:\/\/kine-pedia.be\/#website\"},\"primaryImageOfPage\":{\"@id\":\"https:\/\/kine-pedia.be\/index.php\/quisuis-je\/#primaryimage\"},\"image\":{\"@id\":\"https:\/\/kine-pedia.be\/index.php\/quisuis-je\/#primaryimage\"},\"thumbnailUrl\":\"http:\/\/kine-pedia.be\/wp-content\/uploads\/2024\/11\/1615733217179.jpeg\",\"datePublished\":\"2018-04-30T19:22:04+00:00\",\"dateModified\":\"2024-11-21T12:49:28+00:00\",\"breadcrumb\":{\"@id\":\"https:\/\/kine-pedia.be\/index.php\/quisuis-je\/#breadcrumb\"},\"inLanguage\":\"en-US\",\"potentialAction\":[{\"@type\":\"ReadAction\",\"target\":[\"https:\/\/kine-pedia.be\/index.php\/quisuis-je\/\"]}]},{\"@type\":\"ImageObject\",\"inLanguage\":\"en-US\",\"@id\":\"https:\/\/kine-pedia.be\/index.php\/quisuis-je\/#primaryimage\",\"url\":\"https:\/\/kine-pedia.be\/wp-content\/uploads\/2024\/11\/1615733217179.jpeg\",\"contentUrl\":\"https:\/\/kine-pedia.be\/wp-content\/uploads\/2024\/11\/1615733217179.jpeg\",\"width\":200,\"height\":200},{\"@type\":\"BreadcrumbList\",\"@id\":\"https:\/\/kine-pedia.be\/index.php\/quisuis-je\/#breadcrumb\",\"itemListElement\":[{\"@type\":\"ListItem\",\"position\":1,\"name\":\"Home\",\"item\":\"https:\/\/kine-pedia.be\/\"},{\"@type\":\"ListItem\",\"position\":2,\"name\":\"Qui suis-je?\"}]},{\"@type\":\"WebSite\",\"@id\":\"https:\/\/kine-pedia.be\/#website\",\"url\":\"https:\/\/kine-pedia.be\/\",\"name\":\"Marine Delvigne\",\"description\":\"Kin\u00e9sitherapie pediatrique - Microkinesith\u00e9rapie\",\"publisher\":{\"@id\":\"https:\/\/kine-pedia.be\/#organization\"},\"potentialAction\":[{\"@type\":\"SearchAction\",\"target\":{\"@type\":\"EntryPoint\",\"urlTemplate\":\"https:\/\/kine-pedia.be\/?s={search_term_string}\"},\"query-input\":{\"@type\":\"PropertyValueSpecification\",\"valueRequired\":true,\"valueName\":\"search_term_string\"}}],\"inLanguage\":\"en-US\"},{\"@type\":\"Organization\",\"@id\":\"https:\/\/kine-pedia.be\/#organization\",\"name\":\"Marine Delvigne\",\"url\":\"https:\/\/kine-pedia.be\/\",\"logo\":{\"@type\":\"ImageObject\",\"inLanguage\":\"en-US\",\"@id\":\"https:\/\/kine-pedia.be\/#\/schema\/logo\/image\/\",\"url\":\"https:\/\/kine-pedia.be\/wp-content\/uploads\/2024\/11\/cropped-Microkinesitherapie-600-x-600-px-2.png\",\"contentUrl\":\"https:\/\/kine-pedia.be\/wp-content\/uploads\/2024\/11\/cropped-Microkinesitherapie-600-x-600-px-2.png\",\"width\":300,\"height\":300,\"caption\":\"Marine Delvigne\"},\"image\":{\"@id\":\"https:\/\/kine-pedia.be\/#\/schema\/logo\/image\/\"}}]}<\/script>\n<!-- \/ Yoast SEO plugin. -->","yoast_head_json":{"title":"Qui suis-je? - Marine Delvigne","robots":{"index":"index","follow":"follow","max-snippet":"max-snippet:-1","max-image-preview":"max-image-preview:large","max-video-preview":"max-video-preview:-1"},"canonical":"https:\/\/kine-pedia.be\/index.php\/quisuis-je\/","og_locale":"en_US","og_type":"article","og_title":"Qui suis-je? - Marine Delvigne","og_description":"\u00a0 Je suis kin\u00e9sith\u00e9rapeute \u00a0au centre Nestia o\u00f9 je vous re\u00e7ois trois jours par semaine. Par ailleurs je vous re\u00e7ois \u00e9galement \u00e0 l&#8217;h\u00f4pital Delta o\u00f9 je travaille notamment dans le service de n\u00e9onatologie. Apr\u00e8s avoir suivi et continuant \u00e0 suivre des formations dans le domaine de la p\u00e9diatrie, mes sp\u00e9cialit\u00e9s sont la prise en charge pr\u00e9coce de l&#8217;enfant. Je suis &hellip;","og_url":"https:\/\/kine-pedia.be\/index.php\/quisuis-je\/","og_site_name":"Marine Delvigne","article_modified_time":"2024-11-21T12:49:28+00:00","og_image":[{"url":"http:\/\/kine-pedia.be\/wp-content\/uploads\/2024\/11\/1615733217179.jpeg"}],"twitter_card":"summary_large_image","twitter_misc":{"Est. reading time":"2 minutes"},"schema":{"@context":"https:\/\/schema.org","@graph":[{"@type":"WebPage","@id":"https:\/\/kine-pedia.be\/index.php\/quisuis-je\/","url":"https:\/\/kine-pedia.be\/index.php\/quisuis-je\/","name":"Qui suis-je? - Marine Delvigne","isPartOf":{"@id":"https:\/\/kine-pedia.be\/#website"},"primaryImageOfPage":{"@id":"https:\/\/kine-pedia.be\/index.php\/quisuis-je\/#primaryimage"},"image":{"@id":"https:\/\/kine-pedia.be\/index.php\/quisuis-je\/#primaryimage"},"thumbnailUrl":"http:\/\/kine-pedia.be\/wp-content\/uploads\/2024\/11\/1615733217179.jpeg","datePublished":"2018-04-30T19:22:04+00:00","dateModified":"2024-11-21T12:49:28+00:00","breadcrumb":{"@id":"https:\/\/kine-pedia.be\/index.php\/quisuis-je\/#breadcrumb"},"inLanguage":"en-US","potentialAction":[{"@type":"ReadAction","target":["https:\/\/kine-pedia.be\/index.php\/quisuis-je\/"]}]},{"@type":"ImageObject","inLanguage":"en-US","@id":"https:\/\/kine-pedia.be\/index.php\/quisuis-je\/#primaryimage","url":"https:\/\/kine-pedia.be\/wp-content\/uploads\/2024\/11\/1615733217179.jpeg","contentUrl":"https:\/\/kine-pedia.be\/wp-content\/uploads\/2024\/11\/1615733217179.jpeg","width":200,"height":200},{"@type":"BreadcrumbList","@id":"https:\/\/kine-pedia.be\/index.php\/quisuis-je\/#breadcrumb","itemListElement":[{"@type":"ListItem","position":1,"name":"Home","item":"https:\/\/kine-pedia.be\/"},{"@type":"ListItem","position":2,"name":"Qui suis-je?"}]},{"@type":"WebSite","@id":"https:\/\/kine-pedia.be\/#website","url":"https:\/\/kine-pedia.be\/","name":"Marine Delvigne","description":"Kin\u00e9sitherapie pediatrique - Microkinesith\u00e9rapie","publisher":{"@id":"https:\/\/kine-pedia.be\/#organization"},"potentialAction":[{"@type":"SearchAction","target":{"@type":"EntryPoint","urlTemplate":"https:\/\/kine-pedia.be\/?s={search_term_string}"},"query-input":{"@type":"PropertyValueSpecification","valueRequired":true,"valueName":"search_term_string"}}],"inLanguage":"en-US"},{"@type":"Organization","@id":"https:\/\/kine-pedia.be\/#organization","name":"Marine Delvigne","url":"https:\/\/kine-pedia.be\/","logo":{"@type":"ImageObject","inLanguage":"en-US","@id":"https:\/\/kine-pedia.be\/#\/schema\/logo\/image\/","url":"https:\/\/kine-pedia.be\/wp-content\/uploads\/2024\/11\/cropped-Microkinesitherapie-600-x-600-px-2.png","contentUrl":"https:\/\/kine-pedia.be\/wp-content\/uploads\/2024\/11\/cropped-Microkinesitherapie-600-x-600-px-2.png","width":300,"height":300,"caption":"Marine Delvigne"},"image":{"@id":"https:\/\/kine-pedia.be\/#\/schema\/logo\/image\/"}}]}},"_links":{"self":[{"href":"https:\/\/kine-pedia.be\/index.php\/wp-json\/wp\/v2\/pages\/38","targetHints":{"allow":["GET"]}}],"collection":[{"href":"https:\/\/kine-pedia.be\/index.php\/wp-json\/wp\/v2\/pages"}],"about":[{"href":"https:\/\/kine-pedia.be\/index.php\/wp-json\/wp\/v2\/types\/page"}],"author":[{"embeddable":true,"href":"https:\/\/kine-pedia.be\/index.php\/wp-json\/wp\/v2\/users\/1"}],"replies":[{"embeddable":true,"href":"https:\/\/kine-pedia.be\/index.php\/wp-json\/wp\/v2\/comments?post=38"}],"version-history":[{"count":15,"href":"https:\/\/kine-pedia.be\/index.php\/wp-json\/wp\/v2\/pages\/38\/revisions"}],"predecessor-version":[{"id":672,"href":"https:\/\/kine-pedia.be\/index.php\/wp-json\/wp\/v2\/pages\/38\/revisions\/672"}],"wp:attachment":[{"href":"https:\/\/kine-pedia.be\/index.php\/wp-json\/wp\/v2\/media?parent=38"}],"curies":[{"name":"wp","href":"https:\/\/api.w.org\/{rel}","templated":true}]}}