{"id":482,"date":"2021-02-10T19:12:34","date_gmt":"2021-02-10T18:12:34","guid":{"rendered":"http:\/\/kine-pedia.be\/?page_id=482"},"modified":"2023-10-22T21:18:09","modified_gmt":"2023-10-22T19:18:09","slug":"blog","status":"publish","type":"page","link":"https:\/\/kine-pedia.be\/index.php\/blog\/","title":{"rendered":"Blog"},"content":{"rendered":"<div id=\"pl-482\"  class=\"panel-layout\" ><div id=\"pg-482-0\"  class=\"panel-grid panel-no-style\" ><div id=\"pgc-482-0-0\"  class=\"panel-grid-cell\" ><div id=\"panel-482-0-0-0\" class=\"so-panel widget widget_sow-editor panel-first-child panel-last-child\" data-index=\"0\" ><div\n\t\t\t\n\t\t\tclass=\"so-widget-sow-editor so-widget-sow-editor-base\"\n\t\t\t\n\t\t>\n<div class=\"siteorigin-widget-tinymce textwidget\">\n\t<p>Vous trouverez ici les articles \u00e9crits par Marine Delvigne, kin\u00e9sith\u00e9rapeute.<\/p>\n<\/div>\n<\/div><\/div><\/div><\/div><div id=\"pg-482-1\"  class=\"panel-grid panel-no-style\" ><div id=\"pgc-482-1-0\"  class=\"panel-grid-cell panel-grid-cell-empty\" ><\/div><div id=\"pgc-482-1-1\"  class=\"panel-grid-cell\" ><div id=\"panel-482-1-1-0\" class=\"so-panel widget widget_sow-editor panel-first-child panel-last-child\" data-index=\"1\" ><div\n\t\t\t\n\t\t\tclass=\"so-widget-sow-editor so-widget-sow-editor-base\"\n\t\t\t\n\t\t>\n<div class=\"siteorigin-widget-tinymce textwidget\">\n\t<p><strong><a href=\"https:\/\/nestia.be\/index.php\/motricite-du-nourrisson-choisir-son-tapis-de-motricite\/\">\"<em>Choisir son tapis de motricit\u00e9\" <\/em><\/a><\/strong><em>(octobre 2023)<\/em><\/p>\n<\/div>\n<\/div><\/div><\/div><\/div><div id=\"pg-482-2\"  class=\"panel-grid panel-no-style\" ><div id=\"pgc-482-2-0\"  class=\"panel-grid-cell\" ><div id=\"panel-482-2-0-0\" class=\"so-panel widget widget_sow-image panel-first-child panel-last-child\" data-index=\"2\" ><div\n\t\t\t\n\t\t\tclass=\"so-widget-sow-image so-widget-sow-image-default-8b5b6f678277-482\"\n\t\t\t\n\t\t>\n\n<div class=\"sow-image-container\">\n\t\t\t<a href=\"\"\n\t\t\t\t\t>\n\t\t\t<img loading=\"lazy\" decoding=\"async\" src=\"https:\/\/kine-pedia.be\/wp-content\/uploads\/2021\/02\/pexels-victoria-borodinova-1648374-scaled.jpg\" width=\"2560\" height=\"1707\" srcset=\"https:\/\/kine-pedia.be\/wp-content\/uploads\/2021\/02\/pexels-victoria-borodinova-1648374-scaled.jpg 2560w, https:\/\/kine-pedia.be\/wp-content\/uploads\/2021\/02\/pexels-victoria-borodinova-1648374-300x200.jpg 300w, https:\/\/kine-pedia.be\/wp-content\/uploads\/2021\/02\/pexels-victoria-borodinova-1648374-1024x683.jpg 1024w, https:\/\/kine-pedia.be\/wp-content\/uploads\/2021\/02\/pexels-victoria-borodinova-1648374-768x512.jpg 768w, https:\/\/kine-pedia.be\/wp-content\/uploads\/2021\/02\/pexels-victoria-borodinova-1648374-1536x1024.jpg 1536w, https:\/\/kine-pedia.be\/wp-content\/uploads\/2021\/02\/pexels-victoria-borodinova-1648374-2048x1365.jpg 2048w, https:\/\/kine-pedia.be\/wp-content\/uploads\/2021\/02\/pexels-victoria-borodinova-1648374-272x182.jpg 272w\" sizes=\"auto, (max-width: 2560px) 100vw, 2560px\" title=\"pexels-victoria-borodinova-1648374\" alt=\"\" \t\tclass=\"so-widget-image\"\/>\n\t<\/a><\/div>\n\n<\/div><\/div><\/div><div id=\"pgc-482-2-1\"  class=\"panel-grid-cell\" ><div id=\"panel-482-2-1-0\" class=\"so-panel widget widget_sow-editor panel-first-child panel-last-child\" data-index=\"3\" ><div\n\t\t\t\n\t\t\tclass=\"so-widget-sow-editor so-widget-sow-editor-base\"\n\t\t\t\n\t\t>\n<div class=\"siteorigin-widget-tinymce textwidget\">\n\t<p><strong><span style=\"color: #1b7575;\"><a style=\"color: #1b7575;\" href=\"http:\/\/kine-pedia.be\/index.php\/2021\/02\/10\/motricite-du-nourrisson-limportance-de-jouer-sur-le-ventre\/\">\"<em>Motricit\u00e9 du Nourrisson : l'importance de jouer sur le ventre\"<\/em><\/a><\/span> <\/strong>\u00a0<em>(f\u00e9vrier 2021)<\/em><\/p>\n<\/div>\n<\/div><\/div><\/div><\/div><\/div>","protected":false},"excerpt":{"rendered":"<p>Vous trouverez ici les articles \u00e9crits par Marine Delvigne, kin\u00e9sith\u00e9rapeute. \u00ab\u00a0Choisir son tapis de motricit\u00e9\u00a0\u00bb (octobre 2023)<\/p>\n","protected":false},"author":1,"featured_media":0,"parent":0,"menu_order":0,"comment_status":"closed","ping_status":"closed","template":"","meta":{"footnotes":""},"class_list":["post-482","page","type-page","status-publish","hentry"],"yoast_head":"<!-- This site is optimized with the Yoast SEO plugin v23.9 - https:\/\/yoast.com\/wordpress\/plugins\/seo\/ -->\n<title>Blog - Marine Delvigne<\/title>\n<meta name=\"robots\" content=\"index, follow, max-snippet:-1, max-image-preview:large, max-video-preview:-1\" \/>\n<link rel=\"canonical\" href=\"https:\/\/kine-pedia.be\/index.php\/blog\/\" \/>\n<meta property=\"og:locale\" content=\"fr_FR\" \/>\n<meta property=\"og:type\" content=\"article\" \/>\n<meta property=\"og:title\" content=\"Blog - Marine Delvigne\" \/>\n<meta property=\"og:description\" content=\"Vous trouverez ici les articles \u00e9crits par Marine Delvigne, kin\u00e9sith\u00e9rapeute. &quot;Choisir son tapis de motricit\u00e9&quot; (octobre 2023)\" \/>\n<meta property=\"og:url\" content=\"https:\/\/kine-pedia.be\/index.php\/blog\/\" \/>\n<meta property=\"og:site_name\" content=\"Marine Delvigne\" \/>\n<meta property=\"article:modified_time\" content=\"2023-10-22T19:18:09+00:00\" \/>\n<meta name=\"twitter:card\" content=\"summary_large_image\" \/>\n<script type=\"application\/ld+json\" class=\"yoast-schema-graph\">{\"@context\":\"https:\/\/schema.org\",\"@graph\":[{\"@type\":\"WebPage\",\"@id\":\"https:\/\/kine-pedia.be\/index.php\/blog\/\",\"url\":\"https:\/\/kine-pedia.be\/index.php\/blog\/\",\"name\":\"Blog - Marine Delvigne\",\"isPartOf\":{\"@id\":\"https:\/\/kine-pedia.be\/#website\"},\"datePublished\":\"2021-02-10T18:12:34+00:00\",\"dateModified\":\"2023-10-22T19:18:09+00:00\",\"breadcrumb\":{\"@id\":\"https:\/\/kine-pedia.be\/index.php\/blog\/#breadcrumb\"},\"inLanguage\":\"fr-FR\",\"potentialAction\":[{\"@type\":\"ReadAction\",\"target\":[\"https:\/\/kine-pedia.be\/index.php\/blog\/\"]}]},{\"@type\":\"BreadcrumbList\",\"@id\":\"https:\/\/kine-pedia.be\/index.php\/blog\/#breadcrumb\",\"itemListElement\":[{\"@type\":\"ListItem\",\"position\":1,\"name\":\"Home\",\"item\":\"https:\/\/kine-pedia.be\/\"},{\"@type\":\"ListItem\",\"position\":2,\"name\":\"Blog\"}]},{\"@type\":\"WebSite\",\"@id\":\"https:\/\/kine-pedia.be\/#website\",\"url\":\"https:\/\/kine-pedia.be\/\",\"name\":\"Marine Delvigne\",\"description\":\"Kin\u00e9sitherapie pediatrique - Microkinesith\u00e9rapie\",\"publisher\":{\"@id\":\"https:\/\/kine-pedia.be\/#organization\"},\"potentialAction\":[{\"@type\":\"SearchAction\",\"target\":{\"@type\":\"EntryPoint\",\"urlTemplate\":\"https:\/\/kine-pedia.be\/?s={search_term_string}\"},\"query-input\":{\"@type\":\"PropertyValueSpecification\",\"valueRequired\":true,\"valueName\":\"search_term_string\"}}],\"inLanguage\":\"fr-FR\"},{\"@type\":\"Organization\",\"@id\":\"https:\/\/kine-pedia.be\/#organization\",\"name\":\"Marine Delvigne\",\"url\":\"https:\/\/kine-pedia.be\/\",\"logo\":{\"@type\":\"ImageObject\",\"inLanguage\":\"fr-FR\",\"@id\":\"https:\/\/kine-pedia.be\/#\/schema\/logo\/image\/\",\"url\":\"https:\/\/kine-pedia.be\/wp-content\/uploads\/2024\/11\/cropped-Microkinesitherapie-600-x-600-px-2.png\",\"contentUrl\":\"https:\/\/kine-pedia.be\/wp-content\/uploads\/2024\/11\/cropped-Microkinesitherapie-600-x-600-px-2.png\",\"width\":300,\"height\":300,\"caption\":\"Marine Delvigne\"},\"image\":{\"@id\":\"https:\/\/kine-pedia.be\/#\/schema\/logo\/image\/\"}}]}<\/script>\n<!-- \/ Yoast SEO plugin. -->","yoast_head_json":{"title":"Blog - Marine Delvigne","robots":{"index":"index","follow":"follow","max-snippet":"max-snippet:-1","max-image-preview":"max-image-preview:large","max-video-preview":"max-video-preview:-1"},"canonical":"https:\/\/kine-pedia.be\/index.php\/blog\/","og_locale":"fr_FR","og_type":"article","og_title":"Blog - Marine Delvigne","og_description":"Vous trouverez ici les articles \u00e9crits par Marine Delvigne, kin\u00e9sith\u00e9rapeute. \"Choisir son tapis de motricit\u00e9\" (octobre 2023)","og_url":"https:\/\/kine-pedia.be\/index.php\/blog\/","og_site_name":"Marine Delvigne","article_modified_time":"2023-10-22T19:18:09+00:00","twitter_card":"summary_large_image","schema":{"@context":"https:\/\/schema.org","@graph":[{"@type":"WebPage","@id":"https:\/\/kine-pedia.be\/index.php\/blog\/","url":"https:\/\/kine-pedia.be\/index.php\/blog\/","name":"Blog - Marine Delvigne","isPartOf":{"@id":"https:\/\/kine-pedia.be\/#website"},"datePublished":"2021-02-10T18:12:34+00:00","dateModified":"2023-10-22T19:18:09+00:00","breadcrumb":{"@id":"https:\/\/kine-pedia.be\/index.php\/blog\/#breadcrumb"},"inLanguage":"fr-FR","potentialAction":[{"@type":"ReadAction","target":["https:\/\/kine-pedia.be\/index.php\/blog\/"]}]},{"@type":"BreadcrumbList","@id":"https:\/\/kine-pedia.be\/index.php\/blog\/#breadcrumb","itemListElement":[{"@type":"ListItem","position":1,"name":"Home","item":"https:\/\/kine-pedia.be\/"},{"@type":"ListItem","position":2,"name":"Blog"}]},{"@type":"WebSite","@id":"https:\/\/kine-pedia.be\/#website","url":"https:\/\/kine-pedia.be\/","name":"Marine Delvigne","description":"Kin\u00e9sitherapie pediatrique - Microkinesith\u00e9rapie","publisher":{"@id":"https:\/\/kine-pedia.be\/#organization"},"potentialAction":[{"@type":"SearchAction","target":{"@type":"EntryPoint","urlTemplate":"https:\/\/kine-pedia.be\/?s={search_term_string}"},"query-input":{"@type":"PropertyValueSpecification","valueRequired":true,"valueName":"search_term_string"}}],"inLanguage":"fr-FR"},{"@type":"Organization","@id":"https:\/\/kine-pedia.be\/#organization","name":"Marine Delvigne","url":"https:\/\/kine-pedia.be\/","logo":{"@type":"ImageObject","inLanguage":"fr-FR","@id":"https:\/\/kine-pedia.be\/#\/schema\/logo\/image\/","url":"https:\/\/kine-pedia.be\/wp-content\/uploads\/2024\/11\/cropped-Microkinesitherapie-600-x-600-px-2.png","contentUrl":"https:\/\/kine-pedia.be\/wp-content\/uploads\/2024\/11\/cropped-Microkinesitherapie-600-x-600-px-2.png","width":300,"height":300,"caption":"Marine Delvigne"},"image":{"@id":"https:\/\/kine-pedia.be\/#\/schema\/logo\/image\/"}}]}},"_links":{"self":[{"href":"https:\/\/kine-pedia.be\/index.php\/wp-json\/wp\/v2\/pages\/482","targetHints":{"allow":["GET"]}}],"collection":[{"href":"https:\/\/kine-pedia.be\/index.php\/wp-json\/wp\/v2\/pages"}],"about":[{"href":"https:\/\/kine-pedia.be\/index.php\/wp-json\/wp\/v2\/types\/page"}],"author":[{"embeddable":true,"href":"https:\/\/kine-pedia.be\/index.php\/wp-json\/wp\/v2\/users\/1"}],"replies":[{"embeddable":true,"href":"https:\/\/kine-pedia.be\/index.php\/wp-json\/wp\/v2\/comments?post=482"}],"version-history":[{"count":5,"href":"https:\/\/kine-pedia.be\/index.php\/wp-json\/wp\/v2\/pages\/482\/revisions"}],"predecessor-version":[{"id":566,"href":"https:\/\/kine-pedia.be\/index.php\/wp-json\/wp\/v2\/pages\/482\/revisions\/566"}],"wp:attachment":[{"href":"https:\/\/kine-pedia.be\/index.php\/wp-json\/wp\/v2\/media?parent=482"}],"curies":[{"name":"wp","href":"https:\/\/api.w.org\/{rel}","templated":true}]}}