{"id":56,"date":"2018-04-30T21:22:06","date_gmt":"2018-04-30T19:22:06","guid":{"rendered":"http:\/\/kine-pedia.be\/?page_id=56"},"modified":"2024-11-21T13:46:35","modified_gmt":"2024-11-21T12:46:35","slug":"formations","status":"publish","type":"page","link":"https:\/\/kine-pedia.be\/index.php\/formations\/","title":{"rendered":"<span lang =\"fr\">Formations<\/span>"},"content":{"rendered":"<span lang =\"fr\"><h2>Formations futures<\/h2>\n<p>Bobath B\u00e9b\u00e9 &#8211; ABBV<\/p>\n<p>CLE &#8211; compr\u00e9h\u00e9nsion du langage de l&rsquo;enfant<\/p>\n<h2>Formations effectu\u00e9es<\/h2>\n<p>\u00ab\u00a0Troubles oro-myofaciaux &#8211; stage b\u00e9b\u00e9\u00a0\u00bb &#8211; Sereniteeth &#8211; Elsaa formations (2024)<\/p>\n<p>\u00ab\u00a0TOM : Anatonomie d&rsquo;un mal du si\u00e8cle \u00a0\u00bb Sereniteeth Elsaa formations- prise en charge freins de langue b\u00e9b\u00e9s (2024)<\/p>\n<p>\u00ab\u00a0Evaluations des General Movements\u00a0\u00bb Aire Libre ASBL ( 2024)<\/p>\n<p>\u00ab\u00a0Portage pour le d\u00e9veloppement atypique\u00a0\u00bb &#8211; Acad\u00e9mie de portage (Octobre 2023)<\/p>\n<p>\u00ab\u00a0Eveil sensori-moteur sp\u00e9cifique du b\u00e9b\u00e9 pr\u00e9matur\u00e9\u00a0\u00bb- Nidcap Training Brussels Center (2022)<\/p>\n<p>\u00ab\u00a0Les besoins sensori-moteurs du b\u00e9b\u00e9 \u00e0 travers les diff\u00e9rentes s\u00e9quences de son d\u00e9veloppement\u00a0\u00bb Nidcap Training Brussels Center (2022)<\/p>\n<p>R\u00e9\u00e9ducation du TDC et de la\u00a0<span class=\"il\">dysgraphie (2022) &#8211; Multipedia<\/span><\/p>\n<p>DMI THERAPY -Introductory Level B (2022)<\/p>\n<p id=\"title-training-2\" class=\"training-title\">L&rsquo;examen neuropsychomoteur du nourrisson de 4 mois \u00e0 1 an et 2 ans. (2022) &#8211; Aire Libre ASBL<\/p>\n<p>Th\u00e9rapie autour des R\u00e9flexes Primitifs\u00a0 et Archa\u00efques \u2013 Torega (2022)<\/p>\n<p>Introductory\u00a0 Course or CME I (CUEVAS MEDEK EXERCICES) (2021)<\/p>\n<p>Pied du Nourrisson &#8211; Traitement des malpositions et malformations du pied du nourrisson &#8211; Sfer (2021)<\/p>\n<p>Microkin\u00e9sith\u00e9rapie (2019-2022) &#8211; ABM<\/p>\n<p>Plagioc\u00e9phalie &#8211; cranioc\u00e9phalie : Pr\u00e9vention et traitement des d\u00e9formations du cr\u00e2ne du nouveau-n\u00e9 (2018). &#8211; SFER<\/p>\n<p>Bobath (2017-2018) &#8211; ABBV<\/p>\n<p>Kin\u00e9sith\u00e9rapie et bruits respiratoires &#8211; Guy Postiaux (2017)<\/p>\n<p>K-Tape (2016) &#8211; ETMA formations<\/p>\n<p>Crochetage (2016) &#8211; ETMA formations<\/p>\n<h4>Conf\u00e9rences<\/h4>\n<p>Participation r\u00e9guli\u00e8re \u00e0 des conf\u00e9rences dans le milieu de la kin\u00e9sith\u00e9rapie p\u00e9diatrique (<a href=\"https:\/\/www.crea-helb.be\/formation\/samedi-pediatrie-neuropediatrie-cycle-complet\/\"> Samedi de la p\u00e9diatrie<\/a>, Colloques, conf\u00e9rences,&#8230;)<\/p>\n<\/span>","protected":false},"excerpt":{"rendered":"<span lang =\"fr\"><p>Formations futures Bobath B\u00e9b\u00e9 &#8211; ABBV CLE &#8211; compr\u00e9h\u00e9nsion du langage de l&rsquo;enfant Formations effectu\u00e9es \u00ab\u00a0Troubles oro-myofaciaux &#8211; stage b\u00e9b\u00e9\u00a0\u00bb &#8211; Sereniteeth &#8211; Elsaa formations (2024) \u00ab\u00a0TOM : Anatonomie d&rsquo;un mal du si\u00e8cle \u00a0\u00bb Sereniteeth Elsaa formations- prise en charge freins de langue b\u00e9b\u00e9s (2024) \u00ab\u00a0Evaluations des General Movements\u00a0\u00bb Aire Libre ASBL ( 2024) \u00ab\u00a0Portage pour le d\u00e9veloppement atypique\u00a0\u00bb &#8211; &hellip; <\/p>\n<\/span>","protected":false},"author":1,"featured_media":0,"parent":0,"menu_order":0,"comment_status":"closed","ping_status":"closed","template":"","meta":{"footnotes":""},"class_list":["post-56","page","type-page","status-publish","hentry"],"yoast_head":"<!-- This site is optimized with the Yoast SEO plugin v23.9 - https:\/\/yoast.com\/wordpress\/plugins\/seo\/ -->\n<title>Formations - Marine Delvigne<\/title>\n<meta name=\"robots\" content=\"index, follow, max-snippet:-1, max-image-preview:large, max-video-preview:-1\" \/>\n<link rel=\"canonical\" href=\"https:\/\/kine-pedia.be\/index.php\/formations\/\" \/>\n<meta property=\"og:locale\" content=\"fr_FR\" \/>\n<meta property=\"og:type\" content=\"article\" \/>\n<meta property=\"og:title\" content=\"Formations - Marine Delvigne\" \/>\n<meta property=\"og:description\" content=\"Formations futures Bobath B\u00e9b\u00e9 &#8211; ABBV CLE &#8211; compr\u00e9h\u00e9nsion du langage de l&rsquo;enfant Formations effectu\u00e9es \u00ab\u00a0Troubles oro-myofaciaux &#8211; stage b\u00e9b\u00e9\u00a0\u00bb &#8211; Sereniteeth &#8211; Elsaa formations (2024) \u00ab\u00a0TOM : Anatonomie d&rsquo;un mal du si\u00e8cle \u00a0\u00bb Sereniteeth Elsaa formations- prise en charge freins de langue b\u00e9b\u00e9s (2024) \u00ab\u00a0Evaluations des General Movements\u00a0\u00bb Aire Libre ASBL ( 2024) \u00ab\u00a0Portage pour le d\u00e9veloppement atypique\u00a0\u00bb &#8211; &hellip;\" \/>\n<meta property=\"og:url\" content=\"https:\/\/kine-pedia.be\/index.php\/formations\/\" \/>\n<meta property=\"og:site_name\" content=\"Marine Delvigne\" \/>\n<meta property=\"article:modified_time\" content=\"2024-11-21T12:46:35+00:00\" \/>\n<meta name=\"twitter:card\" content=\"summary_large_image\" \/>\n<meta name=\"twitter:label1\" content=\"Dur\u00e9e de lecture estim\u00e9e\" \/>\n\t<meta name=\"twitter:data1\" content=\"2 minutes\" \/>\n<script type=\"application\/ld+json\" class=\"yoast-schema-graph\">{\"@context\":\"https:\/\/schema.org\",\"@graph\":[{\"@type\":\"WebPage\",\"@id\":\"https:\/\/kine-pedia.be\/index.php\/formations\/\",\"url\":\"https:\/\/kine-pedia.be\/index.php\/formations\/\",\"name\":\"Formations - Marine Delvigne\",\"isPartOf\":{\"@id\":\"https:\/\/kine-pedia.be\/#website\"},\"datePublished\":\"2018-04-30T19:22:06+00:00\",\"dateModified\":\"2024-11-21T12:46:35+00:00\",\"breadcrumb\":{\"@id\":\"https:\/\/kine-pedia.be\/index.php\/formations\/#breadcrumb\"},\"inLanguage\":\"fr-FR\",\"potentialAction\":[{\"@type\":\"ReadAction\",\"target\":[\"https:\/\/kine-pedia.be\/index.php\/formations\/\"]}]},{\"@type\":\"BreadcrumbList\",\"@id\":\"https:\/\/kine-pedia.be\/index.php\/formations\/#breadcrumb\",\"itemListElement\":[{\"@type\":\"ListItem\",\"position\":1,\"name\":\"Home\",\"item\":\"https:\/\/kine-pedia.be\/\"},{\"@type\":\"ListItem\",\"position\":2,\"name\":\"Formations\"}]},{\"@type\":\"WebSite\",\"@id\":\"https:\/\/kine-pedia.be\/#website\",\"url\":\"https:\/\/kine-pedia.be\/\",\"name\":\"Marine Delvigne\",\"description\":\"Kin\u00e9sitherapie pediatrique - Microkinesith\u00e9rapie\",\"publisher\":{\"@id\":\"https:\/\/kine-pedia.be\/#organization\"},\"potentialAction\":[{\"@type\":\"SearchAction\",\"target\":{\"@type\":\"EntryPoint\",\"urlTemplate\":\"https:\/\/kine-pedia.be\/?s={search_term_string}\"},\"query-input\":{\"@type\":\"PropertyValueSpecification\",\"valueRequired\":true,\"valueName\":\"search_term_string\"}}],\"inLanguage\":\"fr-FR\"},{\"@type\":\"Organization\",\"@id\":\"https:\/\/kine-pedia.be\/#organization\",\"name\":\"Marine Delvigne\",\"url\":\"https:\/\/kine-pedia.be\/\",\"logo\":{\"@type\":\"ImageObject\",\"inLanguage\":\"fr-FR\",\"@id\":\"https:\/\/kine-pedia.be\/#\/schema\/logo\/image\/\",\"url\":\"https:\/\/kine-pedia.be\/wp-content\/uploads\/2024\/11\/cropped-Microkinesitherapie-600-x-600-px-2.png\",\"contentUrl\":\"https:\/\/kine-pedia.be\/wp-content\/uploads\/2024\/11\/cropped-Microkinesitherapie-600-x-600-px-2.png\",\"width\":300,\"height\":300,\"caption\":\"Marine Delvigne\"},\"image\":{\"@id\":\"https:\/\/kine-pedia.be\/#\/schema\/logo\/image\/\"}}]}<\/script>\n<!-- \/ Yoast SEO plugin. -->","yoast_head_json":{"title":"Formations - Marine Delvigne","robots":{"index":"index","follow":"follow","max-snippet":"max-snippet:-1","max-image-preview":"max-image-preview:large","max-video-preview":"max-video-preview:-1"},"canonical":"https:\/\/kine-pedia.be\/index.php\/formations\/","og_locale":"fr_FR","og_type":"article","og_title":"Formations - Marine Delvigne","og_description":"Formations futures Bobath B\u00e9b\u00e9 &#8211; ABBV CLE &#8211; compr\u00e9h\u00e9nsion du langage de l&rsquo;enfant Formations effectu\u00e9es \u00ab\u00a0Troubles oro-myofaciaux &#8211; stage b\u00e9b\u00e9\u00a0\u00bb &#8211; Sereniteeth &#8211; Elsaa formations (2024) \u00ab\u00a0TOM : Anatonomie d&rsquo;un mal du si\u00e8cle \u00a0\u00bb Sereniteeth Elsaa formations- prise en charge freins de langue b\u00e9b\u00e9s (2024) \u00ab\u00a0Evaluations des General Movements\u00a0\u00bb Aire Libre ASBL ( 2024) \u00ab\u00a0Portage pour le d\u00e9veloppement atypique\u00a0\u00bb &#8211; &hellip;","og_url":"https:\/\/kine-pedia.be\/index.php\/formations\/","og_site_name":"Marine Delvigne","article_modified_time":"2024-11-21T12:46:35+00:00","twitter_card":"summary_large_image","twitter_misc":{"Dur\u00e9e de lecture estim\u00e9e":"2 minutes"},"schema":{"@context":"https:\/\/schema.org","@graph":[{"@type":"WebPage","@id":"https:\/\/kine-pedia.be\/index.php\/formations\/","url":"https:\/\/kine-pedia.be\/index.php\/formations\/","name":"Formations - Marine Delvigne","isPartOf":{"@id":"https:\/\/kine-pedia.be\/#website"},"datePublished":"2018-04-30T19:22:06+00:00","dateModified":"2024-11-21T12:46:35+00:00","breadcrumb":{"@id":"https:\/\/kine-pedia.be\/index.php\/formations\/#breadcrumb"},"inLanguage":"fr-FR","potentialAction":[{"@type":"ReadAction","target":["https:\/\/kine-pedia.be\/index.php\/formations\/"]}]},{"@type":"BreadcrumbList","@id":"https:\/\/kine-pedia.be\/index.php\/formations\/#breadcrumb","itemListElement":[{"@type":"ListItem","position":1,"name":"Home","item":"https:\/\/kine-pedia.be\/"},{"@type":"ListItem","position":2,"name":"Formations"}]},{"@type":"WebSite","@id":"https:\/\/kine-pedia.be\/#website","url":"https:\/\/kine-pedia.be\/","name":"Marine Delvigne","description":"Kin\u00e9sitherapie pediatrique - Microkinesith\u00e9rapie","publisher":{"@id":"https:\/\/kine-pedia.be\/#organization"},"potentialAction":[{"@type":"SearchAction","target":{"@type":"EntryPoint","urlTemplate":"https:\/\/kine-pedia.be\/?s={search_term_string}"},"query-input":{"@type":"PropertyValueSpecification","valueRequired":true,"valueName":"search_term_string"}}],"inLanguage":"fr-FR"},{"@type":"Organization","@id":"https:\/\/kine-pedia.be\/#organization","name":"Marine Delvigne","url":"https:\/\/kine-pedia.be\/","logo":{"@type":"ImageObject","inLanguage":"fr-FR","@id":"https:\/\/kine-pedia.be\/#\/schema\/logo\/image\/","url":"https:\/\/kine-pedia.be\/wp-content\/uploads\/2024\/11\/cropped-Microkinesitherapie-600-x-600-px-2.png","contentUrl":"https:\/\/kine-pedia.be\/wp-content\/uploads\/2024\/11\/cropped-Microkinesitherapie-600-x-600-px-2.png","width":300,"height":300,"caption":"Marine Delvigne"},"image":{"@id":"https:\/\/kine-pedia.be\/#\/schema\/logo\/image\/"}}]}},"_links":{"self":[{"href":"https:\/\/kine-pedia.be\/index.php\/wp-json\/wp\/v2\/pages\/56","targetHints":{"allow":["GET"]}}],"collection":[{"href":"https:\/\/kine-pedia.be\/index.php\/wp-json\/wp\/v2\/pages"}],"about":[{"href":"https:\/\/kine-pedia.be\/index.php\/wp-json\/wp\/v2\/types\/page"}],"author":[{"embeddable":true,"href":"https:\/\/kine-pedia.be\/index.php\/wp-json\/wp\/v2\/users\/1"}],"replies":[{"embeddable":true,"href":"https:\/\/kine-pedia.be\/index.php\/wp-json\/wp\/v2\/comments?post=56"}],"version-history":[{"count":23,"href":"https:\/\/kine-pedia.be\/index.php\/wp-json\/wp\/v2\/pages\/56\/revisions"}],"predecessor-version":[{"id":668,"href":"https:\/\/kine-pedia.be\/index.php\/wp-json\/wp\/v2\/pages\/56\/revisions\/668"}],"wp:attachment":[{"href":"https:\/\/kine-pedia.be\/index.php\/wp-json\/wp\/v2\/media?parent=56"}],"curies":[{"name":"wp","href":"https:\/\/api.w.org\/{rel}","templated":true}]}}