{"id":84,"date":"2018-05-01T11:04:59","date_gmt":"2018-05-01T09:04:59","guid":{"rendered":"http:\/\/kine-pedia.be\/?page_id=84"},"modified":"2024-10-11T10:33:13","modified_gmt":"2024-10-11T08:33:13","slug":"kinerespi","status":"publish","type":"page","link":"https:\/\/kine-pedia.be\/index.php\/kinerespi\/","title":{"rendered":"<span lang =\"fr\">Kin\u00e9sith\u00e9rapie respiratoire<\/span>"},"content":{"rendered":"<span lang =\"fr\"><p>Vous cherchez une kin\u00e9sith\u00e9rapie respiratoire p\u00e9diatrique \u00e0 Auderghem?<\/p>\n<p>La kin\u00e9sith\u00e9rapie respiratoire permet la prise en charge de patients atteints de diverses pathologies pulmonaires aigu\u00ebs et chroniques (bronchiolites, entretien respiratoire&#8230;. ).<\/p>\n<p>Les bronchiolites sont une affection respiratoire fr\u00e9quente chez les enfants en dessous de 2 ans.\u00a0Une bronchiolite est une inflammation des bronchioles (ramifications des bronches) pulmonaires. La kin\u00e9sith\u00e9rapie respiratoire permet de d\u00e9gager les voies respiratoires encombr\u00e9es par les s\u00e9cr\u00e9tions pr\u00e9sentes dans les bronchioles.<\/p>\n<p>L&#8217;entretien respiratoire dans le cadre de pathologies neurologiques permet de limiter l&#8217;apparition d&#8217;infections respiratoires qui peuvent \u00eatre graves chez ces enfants. La technique par percussionnaire permet de ventiler les parties du poumon qui le sont moins. Elle permet \u00e9galement de drainer et d\u00e9gager des s\u00e9cr\u00e9tions qui peuvent \u00eatre pr\u00e9sentes dans les poumons.<\/p>\n<p>Je ne suis actuellement pas \u00e9quip\u00e9e d&#8217;un percussionnaire mais je suis form\u00e9e \u00e0 son utilisation.<\/p>\n<p>Votre nourrisson ou enfant a besoin de kin\u00e9sith\u00e9rapie respiratoire rapidement? Contactez moi au 0472\/79.82.77 ou cliquez ici pour prendre rendez-vous en ligne afin de vous recevoir au centre Nestia \u00e0 Auderghem.<\/p>\n<h3 style=\"text-align: center;\"><a href=\"http:\/\/nestia.be\/index.php\/prise-de-rendez-vous-en-ligne-2\/\" target=\"_blank\" rel=\"noopener noreferrer\">Prise de rendez-vous en ligne<\/a><\/h3>\n<\/span>","protected":false},"excerpt":{"rendered":"<span lang =\"fr\"><p>Vous cherchez une kin\u00e9sith\u00e9rapie respiratoire p\u00e9diatrique \u00e0 Auderghem? La kin\u00e9sith\u00e9rapie respiratoire permet la prise en charge de patients atteints de diverses pathologies pulmonaires aigu\u00ebs et chroniques (bronchiolites, entretien respiratoire&#8230;. ). Les bronchiolites sont une affection respiratoire fr\u00e9quente chez les enfants en dessous de 2 ans.\u00a0Une bronchiolite est une inflammation des bronchioles (ramifications des bronches) pulmonaires. La kin\u00e9sith\u00e9rapie respiratoire permet de &hellip; <\/p>\n<\/span>","protected":false},"author":1,"featured_media":99,"parent":0,"menu_order":0,"comment_status":"closed","ping_status":"closed","template":"","meta":{"footnotes":""},"class_list":["post-84","page","type-page","status-publish","has-post-thumbnail","hentry"],"yoast_head":"<!-- This site is optimized with the Yoast SEO plugin v23.9 - https:\/\/yoast.com\/wordpress\/plugins\/seo\/ -->\n<title>Kin\u00e9sith\u00e9rapie respiratoire p\u00e9diatrique \u00e0 Auderghem - Marine Delvigne<\/title>\n<meta name=\"description\" content=\"Kin\u00e9sith\u00e9rapie respiratoire Auderghem : kin\u00e9sith\u00e9rapie respiratoire p\u00e9diatrique dans le cadre de bronchiolites ou en entretien.\" \/>\n<meta name=\"robots\" content=\"index, follow, max-snippet:-1, max-image-preview:large, max-video-preview:-1\" \/>\n<link rel=\"canonical\" href=\"https:\/\/kine-pedia.be\/index.php\/kinerespi\/\" \/>\n<meta property=\"og:locale\" content=\"en_US\" \/>\n<meta property=\"og:type\" content=\"article\" \/>\n<meta property=\"og:title\" content=\"Kin\u00e9sith\u00e9rapie respiratoire p\u00e9diatrique \u00e0 Auderghem - Marine Delvigne\" \/>\n<meta property=\"og:description\" content=\"Kin\u00e9sith\u00e9rapie respiratoire Auderghem : kin\u00e9sith\u00e9rapie respiratoire p\u00e9diatrique dans le cadre de bronchiolites ou en entretien.\" \/>\n<meta property=\"og:url\" content=\"https:\/\/kine-pedia.be\/index.php\/kinerespi\/\" \/>\n<meta property=\"og:site_name\" content=\"Marine Delvigne\" \/>\n<meta property=\"article:modified_time\" content=\"2024-10-11T08:33:13+00:00\" \/>\n<meta property=\"og:image\" content=\"https:\/\/kine-pedia.be\/wp-content\/uploads\/2018\/05\/bebe-bronchiolite.jpg\" \/>\n\t<meta property=\"og:image:width\" content=\"2560\" \/>\n\t<meta property=\"og:image:height\" content=\"1600\" \/>\n\t<meta property=\"og:image:type\" content=\"image\/jpeg\" \/>\n<meta name=\"twitter:card\" content=\"summary_large_image\" \/>\n<meta name=\"twitter:label1\" content=\"Est. reading time\" \/>\n\t<meta name=\"twitter:data1\" content=\"1 minute\" \/>\n<script type=\"application\/ld+json\" class=\"yoast-schema-graph\">{\"@context\":\"https:\/\/schema.org\",\"@graph\":[{\"@type\":\"WebPage\",\"@id\":\"https:\/\/kine-pedia.be\/index.php\/kinerespi\/\",\"url\":\"https:\/\/kine-pedia.be\/index.php\/kinerespi\/\",\"name\":\"Kin\u00e9sith\u00e9rapie respiratoire p\u00e9diatrique \u00e0 Auderghem - Marine Delvigne\",\"isPartOf\":{\"@id\":\"https:\/\/kine-pedia.be\/#website\"},\"primaryImageOfPage\":{\"@id\":\"https:\/\/kine-pedia.be\/index.php\/kinerespi\/#primaryimage\"},\"image\":{\"@id\":\"https:\/\/kine-pedia.be\/index.php\/kinerespi\/#primaryimage\"},\"thumbnailUrl\":\"https:\/\/kine-pedia.be\/wp-content\/uploads\/2018\/05\/bebe-bronchiolite.jpg\",\"datePublished\":\"2018-05-01T09:04:59+00:00\",\"dateModified\":\"2024-10-11T08:33:13+00:00\",\"description\":\"Kin\u00e9sith\u00e9rapie respiratoire Auderghem : kin\u00e9sith\u00e9rapie respiratoire p\u00e9diatrique dans le cadre de bronchiolites ou en entretien.\",\"breadcrumb\":{\"@id\":\"https:\/\/kine-pedia.be\/index.php\/kinerespi\/#breadcrumb\"},\"inLanguage\":\"en-US\",\"potentialAction\":[{\"@type\":\"ReadAction\",\"target\":[\"https:\/\/kine-pedia.be\/index.php\/kinerespi\/\"]}]},{\"@type\":\"ImageObject\",\"inLanguage\":\"en-US\",\"@id\":\"https:\/\/kine-pedia.be\/index.php\/kinerespi\/#primaryimage\",\"url\":\"https:\/\/kine-pedia.be\/wp-content\/uploads\/2018\/05\/bebe-bronchiolite.jpg\",\"contentUrl\":\"https:\/\/kine-pedia.be\/wp-content\/uploads\/2018\/05\/bebe-bronchiolite.jpg\",\"width\":2560,\"height\":1600,\"caption\":\"Mother holding her little baby girl, shallow DOF\"},{\"@type\":\"BreadcrumbList\",\"@id\":\"https:\/\/kine-pedia.be\/index.php\/kinerespi\/#breadcrumb\",\"itemListElement\":[{\"@type\":\"ListItem\",\"position\":1,\"name\":\"Home\",\"item\":\"https:\/\/kine-pedia.be\/\"},{\"@type\":\"ListItem\",\"position\":2,\"name\":\"Kin\u00e9sith\u00e9rapie respiratoire\"}]},{\"@type\":\"WebSite\",\"@id\":\"https:\/\/kine-pedia.be\/#website\",\"url\":\"https:\/\/kine-pedia.be\/\",\"name\":\"Marine Delvigne\",\"description\":\"Kin\u00e9sitherapie pediatrique - Microkinesith\u00e9rapie\",\"publisher\":{\"@id\":\"https:\/\/kine-pedia.be\/#organization\"},\"potentialAction\":[{\"@type\":\"SearchAction\",\"target\":{\"@type\":\"EntryPoint\",\"urlTemplate\":\"https:\/\/kine-pedia.be\/?s={search_term_string}\"},\"query-input\":{\"@type\":\"PropertyValueSpecification\",\"valueRequired\":true,\"valueName\":\"search_term_string\"}}],\"inLanguage\":\"en-US\"},{\"@type\":\"Organization\",\"@id\":\"https:\/\/kine-pedia.be\/#organization\",\"name\":\"Marine Delvigne\",\"url\":\"https:\/\/kine-pedia.be\/\",\"logo\":{\"@type\":\"ImageObject\",\"inLanguage\":\"en-US\",\"@id\":\"https:\/\/kine-pedia.be\/#\/schema\/logo\/image\/\",\"url\":\"https:\/\/kine-pedia.be\/wp-content\/uploads\/2024\/11\/cropped-Microkinesitherapie-600-x-600-px-2.png\",\"contentUrl\":\"https:\/\/kine-pedia.be\/wp-content\/uploads\/2024\/11\/cropped-Microkinesitherapie-600-x-600-px-2.png\",\"width\":300,\"height\":300,\"caption\":\"Marine Delvigne\"},\"image\":{\"@id\":\"https:\/\/kine-pedia.be\/#\/schema\/logo\/image\/\"}}]}<\/script>\n<!-- \/ Yoast SEO plugin. -->","yoast_head_json":{"title":"Kin\u00e9sith\u00e9rapie respiratoire p\u00e9diatrique \u00e0 Auderghem - Marine Delvigne","description":"Kin\u00e9sith\u00e9rapie respiratoire Auderghem : kin\u00e9sith\u00e9rapie respiratoire p\u00e9diatrique dans le cadre de bronchiolites ou en entretien.","robots":{"index":"index","follow":"follow","max-snippet":"max-snippet:-1","max-image-preview":"max-image-preview:large","max-video-preview":"max-video-preview:-1"},"canonical":"https:\/\/kine-pedia.be\/index.php\/kinerespi\/","og_locale":"en_US","og_type":"article","og_title":"Kin\u00e9sith\u00e9rapie respiratoire p\u00e9diatrique \u00e0 Auderghem - Marine Delvigne","og_description":"Kin\u00e9sith\u00e9rapie respiratoire Auderghem : kin\u00e9sith\u00e9rapie respiratoire p\u00e9diatrique dans le cadre de bronchiolites ou en entretien.","og_url":"https:\/\/kine-pedia.be\/index.php\/kinerespi\/","og_site_name":"Marine Delvigne","article_modified_time":"2024-10-11T08:33:13+00:00","og_image":[{"width":2560,"height":1600,"url":"https:\/\/kine-pedia.be\/wp-content\/uploads\/2018\/05\/bebe-bronchiolite.jpg","type":"image\/jpeg"}],"twitter_card":"summary_large_image","twitter_misc":{"Est. reading time":"1 minute"},"schema":{"@context":"https:\/\/schema.org","@graph":[{"@type":"WebPage","@id":"https:\/\/kine-pedia.be\/index.php\/kinerespi\/","url":"https:\/\/kine-pedia.be\/index.php\/kinerespi\/","name":"Kin\u00e9sith\u00e9rapie respiratoire p\u00e9diatrique \u00e0 Auderghem - Marine Delvigne","isPartOf":{"@id":"https:\/\/kine-pedia.be\/#website"},"primaryImageOfPage":{"@id":"https:\/\/kine-pedia.be\/index.php\/kinerespi\/#primaryimage"},"image":{"@id":"https:\/\/kine-pedia.be\/index.php\/kinerespi\/#primaryimage"},"thumbnailUrl":"https:\/\/kine-pedia.be\/wp-content\/uploads\/2018\/05\/bebe-bronchiolite.jpg","datePublished":"2018-05-01T09:04:59+00:00","dateModified":"2024-10-11T08:33:13+00:00","description":"Kin\u00e9sith\u00e9rapie respiratoire Auderghem : kin\u00e9sith\u00e9rapie respiratoire p\u00e9diatrique dans le cadre de bronchiolites ou en entretien.","breadcrumb":{"@id":"https:\/\/kine-pedia.be\/index.php\/kinerespi\/#breadcrumb"},"inLanguage":"en-US","potentialAction":[{"@type":"ReadAction","target":["https:\/\/kine-pedia.be\/index.php\/kinerespi\/"]}]},{"@type":"ImageObject","inLanguage":"en-US","@id":"https:\/\/kine-pedia.be\/index.php\/kinerespi\/#primaryimage","url":"https:\/\/kine-pedia.be\/wp-content\/uploads\/2018\/05\/bebe-bronchiolite.jpg","contentUrl":"https:\/\/kine-pedia.be\/wp-content\/uploads\/2018\/05\/bebe-bronchiolite.jpg","width":2560,"height":1600,"caption":"Mother holding her little baby girl, shallow DOF"},{"@type":"BreadcrumbList","@id":"https:\/\/kine-pedia.be\/index.php\/kinerespi\/#breadcrumb","itemListElement":[{"@type":"ListItem","position":1,"name":"Home","item":"https:\/\/kine-pedia.be\/"},{"@type":"ListItem","position":2,"name":"Kin\u00e9sith\u00e9rapie respiratoire"}]},{"@type":"WebSite","@id":"https:\/\/kine-pedia.be\/#website","url":"https:\/\/kine-pedia.be\/","name":"Marine Delvigne","description":"Kin\u00e9sitherapie pediatrique - Microkinesith\u00e9rapie","publisher":{"@id":"https:\/\/kine-pedia.be\/#organization"},"potentialAction":[{"@type":"SearchAction","target":{"@type":"EntryPoint","urlTemplate":"https:\/\/kine-pedia.be\/?s={search_term_string}"},"query-input":{"@type":"PropertyValueSpecification","valueRequired":true,"valueName":"search_term_string"}}],"inLanguage":"en-US"},{"@type":"Organization","@id":"https:\/\/kine-pedia.be\/#organization","name":"Marine Delvigne","url":"https:\/\/kine-pedia.be\/","logo":{"@type":"ImageObject","inLanguage":"en-US","@id":"https:\/\/kine-pedia.be\/#\/schema\/logo\/image\/","url":"https:\/\/kine-pedia.be\/wp-content\/uploads\/2024\/11\/cropped-Microkinesitherapie-600-x-600-px-2.png","contentUrl":"https:\/\/kine-pedia.be\/wp-content\/uploads\/2024\/11\/cropped-Microkinesitherapie-600-x-600-px-2.png","width":300,"height":300,"caption":"Marine Delvigne"},"image":{"@id":"https:\/\/kine-pedia.be\/#\/schema\/logo\/image\/"}}]}},"_links":{"self":[{"href":"https:\/\/kine-pedia.be\/index.php\/wp-json\/wp\/v2\/pages\/84","targetHints":{"allow":["GET"]}}],"collection":[{"href":"https:\/\/kine-pedia.be\/index.php\/wp-json\/wp\/v2\/pages"}],"about":[{"href":"https:\/\/kine-pedia.be\/index.php\/wp-json\/wp\/v2\/types\/page"}],"author":[{"embeddable":true,"href":"https:\/\/kine-pedia.be\/index.php\/wp-json\/wp\/v2\/users\/1"}],"replies":[{"embeddable":true,"href":"https:\/\/kine-pedia.be\/index.php\/wp-json\/wp\/v2\/comments?post=84"}],"version-history":[{"count":14,"href":"https:\/\/kine-pedia.be\/index.php\/wp-json\/wp\/v2\/pages\/84\/revisions"}],"predecessor-version":[{"id":449,"href":"https:\/\/kine-pedia.be\/index.php\/wp-json\/wp\/v2\/pages\/84\/revisions\/449"}],"wp:featuredmedia":[{"embeddable":true,"href":"https:\/\/kine-pedia.be\/index.php\/wp-json\/wp\/v2\/media\/99"}],"wp:attachment":[{"href":"https:\/\/kine-pedia.be\/index.php\/wp-json\/wp\/v2\/media?parent=84"}],"curies":[{"name":"wp","href":"https:\/\/api.w.org\/{rel}","templated":true}]}}