{"id":85,"date":"2018-05-01T11:04:59","date_gmt":"2018-05-01T09:04:59","guid":{"rendered":"http:\/\/kine-pedia.be\/?page_id=85"},"modified":"2021-03-04T18:24:43","modified_gmt":"2021-03-04T17:24:43","slug":"bobath","status":"publish","type":"page","link":"https:\/\/kine-pedia.be\/index.php\/bobath\/","title":{"rendered":"<span lang =\"fr\">Prise en charge dans le retard de d\u00e9veloppement moteur et psychomoteur &#8211; Bobath<\/span>"},"content":{"rendered":"<span lang =\"fr\">\n<p><\/p>\n\n\n<h2 style=\"text-align: center;\">Stimulation<\/h2>\n<h2 style=\"text-align: center;\">Psychomotricit\u00e9<\/h2>\n<h2 style=\"text-align: center;\">R\u00e9\u00e9ducation neuro-motrice<\/h2>\n<p>Une petite <strong>stimulation<\/strong> de quelques s\u00e9ances sont parfois n\u00e9cessaires lorsqu&rsquo;un enfant se retrouve bloqu\u00e9 dans un stade moteur. Certains enfants ont besoin de s\u00e9ances de kin\u00e9sith\u00e9rapie pour apporter les cl\u00e9s afin d&rsquo;ouvrir les prochaines possibilit\u00e9s motrices et afin lui montrer la voie \u00e0 suivre dans le d\u00e9veloppement moteur.<\/p>\n<div id=\"pgc-117-2-0\" class=\"panel-grid-cell\">\n<div id=\"panel-117-2-0-0\" class=\"so-panel widget widget_sow-editor panel-first-child panel-last-child\" data-index=\"3\">\n<div class=\"so-widget-sow-editor so-widget-sow-editor-base\">\n<div class=\"siteorigin-widget-tinymce textwidget\">\n<p>La <strong>psychomotricit\u00e9<\/strong> est une th\u00e9rapie destin\u00e9e aux enfants, jeunes et moins jeunes, qui ont des troubles dans l&rsquo;organisation de leurs mouvements. Des strat\u00e9gies sont propos\u00e9es afin d&rsquo;int\u00e9grer certains mouvements, am\u00e9liorer la perception corporelle de son corps et du corps de l&rsquo;autre.<\/p>\n<\/div>\n<\/div>\n<\/div>\n<\/div>\n<p>La <strong>r\u00e9\u00e9ducation neuro-motrice<\/strong> par le concept<strong> Bobath<\/strong>&nbsp;est une approche sp\u00e9cifique pour prendre en charge des enfants qui ont une atteinte neurologique et autres troubles du d\u00e9veloppement moteur. La prise en charge vise \u00e0 apporter des exp\u00e9riences sensori-motrices adapt\u00e9es pour permettre \u00e0 l\u2019enfant de trouver de nouveaux points de rep\u00e8res. L\u2019enfant pourra avoir l\u2019exp\u00e9rience de mouvements plus appropri\u00e9s et harmonieux, des r\u00e9actions de redressement, de protection et d\u2019\u00e9quilibre. Gr\u00e2ce \u00e0 ces exp\u00e9riences, le contr\u00f4le des gestes et des postures est am\u00e9lior\u00e9. Le but est \u00e9galement d\u2019\u00e9viter les d\u00e9formations orthop\u00e9diques et d\u2019augmenter l\u2019autonomie au quotidien.<\/p>\n<p>Votre enfant ne tient pas assis seul? Il change pas de position seul? Votre enfant tient assis seul mais ne bouge pas?<\/p>\n<p>Votre enfant pr\u00e9sente des difficult\u00e9s de coordination? Il a du mal \u00e0 sauter ou \u00e0 s&rsquo;organiser dans ses mouvements?<\/p>\n<p>Votre enfant pr\u00e9sente une atteinte neurologique diagnostiqu\u00e9e ou un trouble du d\u00e9veloppement moteur? Vous cherchez un th\u00e9rapeute <strong>Bobath<\/strong>?<\/p>\n<p style=\"text-align: center;\">Certaines de ces questions vous parlent? Ou les difficult\u00e9s de votre enfant ne sont pas reprises ici?<\/p>\n<p style=\"text-align: center;\">N&rsquo;h\u00e9sitez pas \u00e0 me <a lang=\"fr\" href=\"http:\/\/kine-pedia.be\/index.php\/contact\/\">contacter<\/a>! Appelez moi au 0472\/79.82.77 ou cliquez ici pour prendre rendez-vous en ligne.<\/p>\n<p style=\"text-align: center;\"><strong><a href=\"http:\/\/nestia.be\/index.php\/prise-de-rendez-vous-en-ligne-2\/\" target=\"_blank\" rel=\"noopener noreferrer\">Prise de rendez-vous en ligne<\/a><\/strong><\/p>\n<p><img loading=\"lazy\" decoding=\"async\" class=\"wp-image-189 aligncenter\" src=\"http:\/\/kine-pedia.be\/wp-content\/uploads\/2020\/10\/IMG_3002-scaled-225x300.jpg\" alt=\"\" width=\"192\" height=\"256\" srcset=\"https:\/\/kine-pedia.be\/wp-content\/uploads\/2020\/10\/IMG_3002-scaled-225x300.jpg 225w, https:\/\/kine-pedia.be\/wp-content\/uploads\/2020\/10\/IMG_3002-scaled-768x1024.jpg 768w, https:\/\/kine-pedia.be\/wp-content\/uploads\/2020\/10\/IMG_3002-scaled.jpg 1920w\" sizes=\"auto, (max-width: 192px) 100vw, 192px\" \/><img loading=\"lazy\" decoding=\"async\" class=\"wp-image-288 aligncenter\" src=\"http:\/\/kine-pedia.be\/wp-content\/uploads\/2020\/10\/ball-2039726_1920-300x185.jpg\" alt=\"\" width=\"349\" height=\"215\" srcset=\"https:\/\/kine-pedia.be\/wp-content\/uploads\/2020\/10\/ball-2039726_1920-300x185.jpg 300w, https:\/\/kine-pedia.be\/wp-content\/uploads\/2020\/10\/ball-2039726_1920-1024x633.jpg 1024w, https:\/\/kine-pedia.be\/wp-content\/uploads\/2020\/10\/ball-2039726_1920-768x474.jpg 768w, https:\/\/kine-pedia.be\/wp-content\/uploads\/2020\/10\/ball-2039726_1920-1536x949.jpg 1536w, https:\/\/kine-pedia.be\/wp-content\/uploads\/2020\/10\/ball-2039726_1920.jpg 1920w\" sizes=\"auto, (max-width: 349px) 100vw, 349px\" \/><\/p><\/span>","protected":false},"excerpt":{"rendered":"<span lang =\"fr\"><p>Stimulation Psychomotricit\u00e9 R\u00e9\u00e9ducation neuro-motrice Une petite stimulation de quelques s\u00e9ances sont parfois n\u00e9cessaires lorsqu&rsquo;un enfant se retrouve bloqu\u00e9 dans un stade moteur. Certains enfants ont besoin de s\u00e9ances de kin\u00e9sith\u00e9rapie pour apporter les cl\u00e9s afin d&rsquo;ouvrir les prochaines possibilit\u00e9s motrices et afin lui montrer la voie \u00e0 suivre dans le d\u00e9veloppement moteur. La psychomotricit\u00e9 est une th\u00e9rapie destin\u00e9e aux enfants, &hellip; <\/p>\n<\/span>","protected":false},"author":1,"featured_media":79,"parent":0,"menu_order":0,"comment_status":"closed","ping_status":"closed","template":"","meta":{"footnotes":""},"class_list":["post-85","page","type-page","status-publish","has-post-thumbnail","hentry"],"yoast_head":"<!-- This site is optimized with the Yoast SEO plugin v23.9 - https:\/\/yoast.com\/wordpress\/plugins\/seo\/ -->\n<title>Votre kin\u00e9sith\u00e9rapeute Bobath -Bruxelles - Auderghem<\/title>\n<meta name=\"description\" content=\"Kin\u00e9sith\u00e9rapie: petits retards de d\u00e9veloppement moteur, psychomotricit\u00e9 ou r\u00e9\u00e9ducation neuro-motrice (Bobath) \u00e0 Auderghem- Bruxelles\" \/>\n<meta name=\"robots\" content=\"index, follow, max-snippet:-1, max-image-preview:large, max-video-preview:-1\" \/>\n<link rel=\"canonical\" href=\"https:\/\/kine-pedia.be\/index.php\/bobath\/\" \/>\n<meta property=\"og:locale\" content=\"fr_FR\" \/>\n<meta property=\"og:type\" content=\"article\" \/>\n<meta property=\"og:title\" content=\"Votre kin\u00e9sith\u00e9rapeute Bobath -Bruxelles - Auderghem\" \/>\n<meta property=\"og:description\" content=\"Kin\u00e9sith\u00e9rapie: petits retards de d\u00e9veloppement moteur, psychomotricit\u00e9 ou r\u00e9\u00e9ducation neuro-motrice (Bobath) \u00e0 Auderghem- Bruxelles\" \/>\n<meta property=\"og:url\" content=\"https:\/\/kine-pedia.be\/index.php\/bobath\/\" \/>\n<meta property=\"og:site_name\" content=\"Marine Delvigne\" \/>\n<meta property=\"article:modified_time\" content=\"2021-03-04T17:24:43+00:00\" \/>\n<meta property=\"og:image\" content=\"https:\/\/kine-pedia.be\/wp-content\/uploads\/2018\/05\/adorable-baby-cheerful-459953.jpg\" \/>\n\t<meta property=\"og:image:width\" content=\"3727\" \/>\n\t<meta property=\"og:image:height\" content=\"2479\" \/>\n\t<meta property=\"og:image:type\" content=\"image\/jpeg\" \/>\n<meta name=\"twitter:card\" content=\"summary_large_image\" \/>\n<meta name=\"twitter:label1\" content=\"Dur\u00e9e de lecture estim\u00e9e\" \/>\n\t<meta name=\"twitter:data1\" content=\"2 minutes\" \/>\n<script type=\"application\/ld+json\" class=\"yoast-schema-graph\">{\"@context\":\"https:\/\/schema.org\",\"@graph\":[{\"@type\":\"WebPage\",\"@id\":\"https:\/\/kine-pedia.be\/index.php\/bobath\/\",\"url\":\"https:\/\/kine-pedia.be\/index.php\/bobath\/\",\"name\":\"Votre kin\u00e9sith\u00e9rapeute Bobath -Bruxelles - Auderghem\",\"isPartOf\":{\"@id\":\"https:\/\/kine-pedia.be\/#website\"},\"primaryImageOfPage\":{\"@id\":\"https:\/\/kine-pedia.be\/index.php\/bobath\/#primaryimage\"},\"image\":{\"@id\":\"https:\/\/kine-pedia.be\/index.php\/bobath\/#primaryimage\"},\"thumbnailUrl\":\"https:\/\/kine-pedia.be\/wp-content\/uploads\/2018\/05\/adorable-baby-cheerful-459953.jpg\",\"datePublished\":\"2018-05-01T09:04:59+00:00\",\"dateModified\":\"2021-03-04T17:24:43+00:00\",\"description\":\"Kin\u00e9sith\u00e9rapie: petits retards de d\u00e9veloppement moteur, psychomotricit\u00e9 ou r\u00e9\u00e9ducation neuro-motrice (Bobath) \u00e0 Auderghem- Bruxelles\",\"breadcrumb\":{\"@id\":\"https:\/\/kine-pedia.be\/index.php\/bobath\/#breadcrumb\"},\"inLanguage\":\"fr-FR\",\"potentialAction\":[{\"@type\":\"ReadAction\",\"target\":[\"https:\/\/kine-pedia.be\/index.php\/bobath\/\"]}]},{\"@type\":\"ImageObject\",\"inLanguage\":\"fr-FR\",\"@id\":\"https:\/\/kine-pedia.be\/index.php\/bobath\/#primaryimage\",\"url\":\"https:\/\/kine-pedia.be\/wp-content\/uploads\/2018\/05\/adorable-baby-cheerful-459953.jpg\",\"contentUrl\":\"https:\/\/kine-pedia.be\/wp-content\/uploads\/2018\/05\/adorable-baby-cheerful-459953.jpg\",\"width\":3727,\"height\":2479},{\"@type\":\"BreadcrumbList\",\"@id\":\"https:\/\/kine-pedia.be\/index.php\/bobath\/#breadcrumb\",\"itemListElement\":[{\"@type\":\"ListItem\",\"position\":1,\"name\":\"Home\",\"item\":\"https:\/\/kine-pedia.be\/\"},{\"@type\":\"ListItem\",\"position\":2,\"name\":\"Prise en charge dans le retard de d\u00e9veloppement moteur et psychomoteur &#8211; Bobath\"}]},{\"@type\":\"WebSite\",\"@id\":\"https:\/\/kine-pedia.be\/#website\",\"url\":\"https:\/\/kine-pedia.be\/\",\"name\":\"Marine Delvigne\",\"description\":\"Kin\u00e9sitherapie pediatrique - Microkinesith\u00e9rapie\",\"publisher\":{\"@id\":\"https:\/\/kine-pedia.be\/#organization\"},\"potentialAction\":[{\"@type\":\"SearchAction\",\"target\":{\"@type\":\"EntryPoint\",\"urlTemplate\":\"https:\/\/kine-pedia.be\/?s={search_term_string}\"},\"query-input\":{\"@type\":\"PropertyValueSpecification\",\"valueRequired\":true,\"valueName\":\"search_term_string\"}}],\"inLanguage\":\"fr-FR\"},{\"@type\":\"Organization\",\"@id\":\"https:\/\/kine-pedia.be\/#organization\",\"name\":\"Marine Delvigne\",\"url\":\"https:\/\/kine-pedia.be\/\",\"logo\":{\"@type\":\"ImageObject\",\"inLanguage\":\"fr-FR\",\"@id\":\"https:\/\/kine-pedia.be\/#\/schema\/logo\/image\/\",\"url\":\"https:\/\/kine-pedia.be\/wp-content\/uploads\/2024\/11\/cropped-Microkinesitherapie-600-x-600-px-2.png\",\"contentUrl\":\"https:\/\/kine-pedia.be\/wp-content\/uploads\/2024\/11\/cropped-Microkinesitherapie-600-x-600-px-2.png\",\"width\":300,\"height\":300,\"caption\":\"Marine Delvigne\"},\"image\":{\"@id\":\"https:\/\/kine-pedia.be\/#\/schema\/logo\/image\/\"}}]}<\/script>\n<!-- \/ Yoast SEO plugin. -->","yoast_head_json":{"title":"Votre kin\u00e9sith\u00e9rapeute Bobath -Bruxelles - Auderghem","description":"Kin\u00e9sith\u00e9rapie: petits retards de d\u00e9veloppement moteur, psychomotricit\u00e9 ou r\u00e9\u00e9ducation neuro-motrice (Bobath) \u00e0 Auderghem- Bruxelles","robots":{"index":"index","follow":"follow","max-snippet":"max-snippet:-1","max-image-preview":"max-image-preview:large","max-video-preview":"max-video-preview:-1"},"canonical":"https:\/\/kine-pedia.be\/index.php\/bobath\/","og_locale":"fr_FR","og_type":"article","og_title":"Votre kin\u00e9sith\u00e9rapeute Bobath -Bruxelles - Auderghem","og_description":"Kin\u00e9sith\u00e9rapie: petits retards de d\u00e9veloppement moteur, psychomotricit\u00e9 ou r\u00e9\u00e9ducation neuro-motrice (Bobath) \u00e0 Auderghem- Bruxelles","og_url":"https:\/\/kine-pedia.be\/index.php\/bobath\/","og_site_name":"Marine Delvigne","article_modified_time":"2021-03-04T17:24:43+00:00","og_image":[{"width":3727,"height":2479,"url":"https:\/\/kine-pedia.be\/wp-content\/uploads\/2018\/05\/adorable-baby-cheerful-459953.jpg","type":"image\/jpeg"}],"twitter_card":"summary_large_image","twitter_misc":{"Dur\u00e9e de lecture estim\u00e9e":"2 minutes"},"schema":{"@context":"https:\/\/schema.org","@graph":[{"@type":"WebPage","@id":"https:\/\/kine-pedia.be\/index.php\/bobath\/","url":"https:\/\/kine-pedia.be\/index.php\/bobath\/","name":"Votre kin\u00e9sith\u00e9rapeute Bobath -Bruxelles - Auderghem","isPartOf":{"@id":"https:\/\/kine-pedia.be\/#website"},"primaryImageOfPage":{"@id":"https:\/\/kine-pedia.be\/index.php\/bobath\/#primaryimage"},"image":{"@id":"https:\/\/kine-pedia.be\/index.php\/bobath\/#primaryimage"},"thumbnailUrl":"https:\/\/kine-pedia.be\/wp-content\/uploads\/2018\/05\/adorable-baby-cheerful-459953.jpg","datePublished":"2018-05-01T09:04:59+00:00","dateModified":"2021-03-04T17:24:43+00:00","description":"Kin\u00e9sith\u00e9rapie: petits retards de d\u00e9veloppement moteur, psychomotricit\u00e9 ou r\u00e9\u00e9ducation neuro-motrice (Bobath) \u00e0 Auderghem- Bruxelles","breadcrumb":{"@id":"https:\/\/kine-pedia.be\/index.php\/bobath\/#breadcrumb"},"inLanguage":"fr-FR","potentialAction":[{"@type":"ReadAction","target":["https:\/\/kine-pedia.be\/index.php\/bobath\/"]}]},{"@type":"ImageObject","inLanguage":"fr-FR","@id":"https:\/\/kine-pedia.be\/index.php\/bobath\/#primaryimage","url":"https:\/\/kine-pedia.be\/wp-content\/uploads\/2018\/05\/adorable-baby-cheerful-459953.jpg","contentUrl":"https:\/\/kine-pedia.be\/wp-content\/uploads\/2018\/05\/adorable-baby-cheerful-459953.jpg","width":3727,"height":2479},{"@type":"BreadcrumbList","@id":"https:\/\/kine-pedia.be\/index.php\/bobath\/#breadcrumb","itemListElement":[{"@type":"ListItem","position":1,"name":"Home","item":"https:\/\/kine-pedia.be\/"},{"@type":"ListItem","position":2,"name":"Prise en charge dans le retard de d\u00e9veloppement moteur et psychomoteur &#8211; Bobath"}]},{"@type":"WebSite","@id":"https:\/\/kine-pedia.be\/#website","url":"https:\/\/kine-pedia.be\/","name":"Marine Delvigne","description":"Kin\u00e9sitherapie pediatrique - Microkinesith\u00e9rapie","publisher":{"@id":"https:\/\/kine-pedia.be\/#organization"},"potentialAction":[{"@type":"SearchAction","target":{"@type":"EntryPoint","urlTemplate":"https:\/\/kine-pedia.be\/?s={search_term_string}"},"query-input":{"@type":"PropertyValueSpecification","valueRequired":true,"valueName":"search_term_string"}}],"inLanguage":"fr-FR"},{"@type":"Organization","@id":"https:\/\/kine-pedia.be\/#organization","name":"Marine Delvigne","url":"https:\/\/kine-pedia.be\/","logo":{"@type":"ImageObject","inLanguage":"fr-FR","@id":"https:\/\/kine-pedia.be\/#\/schema\/logo\/image\/","url":"https:\/\/kine-pedia.be\/wp-content\/uploads\/2024\/11\/cropped-Microkinesitherapie-600-x-600-px-2.png","contentUrl":"https:\/\/kine-pedia.be\/wp-content\/uploads\/2024\/11\/cropped-Microkinesitherapie-600-x-600-px-2.png","width":300,"height":300,"caption":"Marine Delvigne"},"image":{"@id":"https:\/\/kine-pedia.be\/#\/schema\/logo\/image\/"}}]}},"_links":{"self":[{"href":"https:\/\/kine-pedia.be\/index.php\/wp-json\/wp\/v2\/pages\/85","targetHints":{"allow":["GET"]}}],"collection":[{"href":"https:\/\/kine-pedia.be\/index.php\/wp-json\/wp\/v2\/pages"}],"about":[{"href":"https:\/\/kine-pedia.be\/index.php\/wp-json\/wp\/v2\/types\/page"}],"author":[{"embeddable":true,"href":"https:\/\/kine-pedia.be\/index.php\/wp-json\/wp\/v2\/users\/1"}],"replies":[{"embeddable":true,"href":"https:\/\/kine-pedia.be\/index.php\/wp-json\/wp\/v2\/comments?post=85"}],"version-history":[{"count":19,"href":"https:\/\/kine-pedia.be\/index.php\/wp-json\/wp\/v2\/pages\/85\/revisions"}],"predecessor-version":[{"id":495,"href":"https:\/\/kine-pedia.be\/index.php\/wp-json\/wp\/v2\/pages\/85\/revisions\/495"}],"wp:featuredmedia":[{"embeddable":true,"href":"https:\/\/kine-pedia.be\/index.php\/wp-json\/wp\/v2\/media\/79"}],"wp:attachment":[{"href":"https:\/\/kine-pedia.be\/index.php\/wp-json\/wp\/v2\/media?parent=85"}],"curies":[{"name":"wp","href":"https:\/\/api.w.org\/{rel}","templated":true}]}}